{"id":2,"date":"2018-12-17T15:15:53","date_gmt":"2018-12-17T13:15:53","guid":{"rendered":"http:\/\/www.opisto.fi\/autokoulu2019\/?page_id=2"},"modified":"2026-04-30T14:36:59","modified_gmt":"2026-04-30T11:36:59","slug":"liikenneopisto","status":"publish","type":"page","link":"https:\/\/www.opisto.fi\/autokoulu2019\/","title":{"rendered":"Autokoulu Liikenneopisto"},"content":{"rendered":"\t\t<div data-elementor-type=\"wp-post\" data-elementor-id=\"2\" class=\"elementor elementor-2\">\n\t\t\t\t\t\t\t\t\t<section class=\"elementor-section elementor-top-section elementor-element elementor-element-77917511 elementor-section-boxed elementor-section-height-default elementor-section-height-default\" data-id=\"77917511\" data-element_type=\"section\" data-settings=\"{&quot;background_background&quot;:&quot;video&quot;,&quot;background_video_link&quot;:&quot;https:\\\/\\\/www.opisto.fi\\\/autokoulu2015\\\/pori\\\/wp-content\\\/uploads\\\/2018\\\/05\\\/kevyt2.mp4&quot;,&quot;background_video_start&quot;:0,&quot;background_video_end&quot;:0}\">\n\t\t\t\t\t\t\t\t<div class=\"elementor-background-video-container elementor-hidden-phone\">\n\t\t\t\t\t\t\t\t\t\t\t\t\t<video class=\"elementor-background-video-hosted elementor-html5-video\" autoplay muted playsinline loop><\/video>\n\t\t\t\t\t\t\t\t\t\t\t<\/div>\n\t\t\t\t\t\t\t\t\t<div class=\"elementor-background-overlay\"><\/div>\n\t\t\t\t\t\t\t<div class=\"elementor-container elementor-column-gap-default\">\n\t\t\t\t\t<div class=\"elementor-column elementor-col-100 elementor-top-column elementor-element elementor-element-40bedb34\" data-id=\"40bedb34\" data-element_type=\"column\">\n\t\t\t<div class=\"elementor-widget-wrap elementor-element-populated\">\n\t\t\t\t\t\t\t\t<div class=\"elementor-element elementor-element-12b23f1a elementor-view-default elementor-position-top elementor-mobile-position-top elementor-widget elementor-widget-icon-box\" data-id=\"12b23f1a\" data-element_type=\"widget\" data-widget_type=\"icon-box.default\">\n\t\t\t\t<div class=\"elementor-widget-container\">\n\t\t\t\t\t<div class=\"elementor-icon-box-wrapper\">\n\t\t\t\t\t\t<div class=\"elementor-icon-box-icon\">\n\t\t\t\t<span  class=\"elementor-icon elementor-animation-\">\n\t\t\t\t<i class=\"fa fa-car\" aria-hidden=\"true\"><\/i>\t\t\t\t<\/span>\n\t\t\t<\/div>\n\t\t\t\t\t\t<div class=\"elementor-icon-box-content\">\n\t\t\t\t<p class=\"elementor-icon-box-title\">\n\t\t\t\t\t<span  >\n\t\t\t\t\t\tDriving Academy\t\t\t\t\t<\/span>\n\t\t\t\t<\/p>\n\t\t\t\t\t\t\t<\/div>\n\t\t<\/div>\n\t\t\t\t<\/div>\n\t\t\t\t<\/div>\n\t\t\t\t<div class=\"elementor-element elementor-element-3bea4e8d elementor-widget elementor-widget-heading\" data-id=\"3bea4e8d\" data-element_type=\"widget\" data-widget_type=\"heading.default\">\n\t\t\t\t<div class=\"elementor-widget-container\">\n\t\t\t<h2 class=\"elementor-heading-title elementor-size-large\">AUTOKOULU LIIKENNEOPISTO<\/h2>\t\t<\/div>\n\t\t\t\t<\/div>\n\t\t\t\t<div class=\"elementor-element elementor-element-27baf68d elementor-widget elementor-widget-heading\" data-id=\"27baf68d\" data-element_type=\"widget\" data-widget_type=\"heading.default\">\n\t\t\t\t<div class=\"elementor-widget-container\">\n\t\t\t<p class=\"elementor-heading-title elementor-size-large\">Koulutusta mopoista kuorma-autoihin, simulaattoreista virtuaalitunteihin.<\/p>\t\t<\/div>\n\t\t\t\t<\/div>\n\t\t\t\t<div class=\"elementor-element elementor-element-1d827c03 elementor-widget elementor-widget-spacer\" data-id=\"1d827c03\" data-element_type=\"widget\" data-widget_type=\"spacer.default\">\n\t\t\t\t<div class=\"elementor-widget-container\">\n\t\t\t\t\t<div class=\"elementor-spacer\">\n\t\t\t<div class=\"elementor-spacer-inner\"><\/div>\n\t\t<\/div>\n\t\t\t\t<\/div>\n\t\t\t\t<\/div>\n\t\t\t\t<div class=\"elementor-element elementor-element-6eaca3cd elementor-align-center elementor-button-warning elementor-widget elementor-widget-button\" data-id=\"6eaca3cd\" data-element_type=\"widget\" data-widget_type=\"button.default\">\n\t\t\t\t<div class=\"elementor-widget-container\">\n\t\t\t\t\t<div class=\"elementor-button-wrapper\">\n\t\t\t<a class=\"elementor-button elementor-size-sm\" role=\"button\">\n\t\t\t\t\t\t<span class=\"elementor-button-content-wrapper\">\n\t\t\t\t\t\t<span class=\"elementor-button-text\">Aloita valitsemalla paikkakunta<\/span>\n\t\t<\/span>\n\t\t\t\t\t<\/a>\n\t\t<\/div>\n\t\t\t\t<\/div>\n\t\t\t\t<\/div>\n\t\t\t\t<div class=\"elementor-element elementor-element-276f632 elementor-widget elementor-widget-html\" data-id=\"276f632\" data-element_type=\"widget\" data-widget_type=\"html.default\">\n\t\t\t\t<div class=\"elementor-widget-container\">\n\t\t\t<html>\n<head>\n<style>\n.button-wrapper {\n  display: flex;\n  flex-wrap: wrap;\n  justify-content: center;\n  gap: 10px;\n  max-width: 1000px;\n  margin: 20px auto;\n  padding: 0 10px;\n}\n\n.button-wrapper a {\n  text-decoration: none;\n}\n\n.btn {\n  border: 5px solid #ffffff;\n  background-color: #eee;\n  padding: 20px 25px;\n  font-size: 17px;\n  cursor: pointer;\n  display: inline-block;\n  font-weight: bold;\n  font-family: Verdana, sans-serif;\n  text-decoration: underline;\n  color: #232323;\n  border-radius: 10px;\n  min-width: 140px;\n}\n\n.btn:hover {\n  background: #f9f9f9;\n}\n\n\/* Mobiili *\/\n@media (max-width: 600px) {\n  .button-wrapper {\n    display: block;\n    width: 100%;\n    box-sizing: border-box;\n  }\n\n  .button-wrapper a {\n    display: block;\n    width: 100%;\n    margin-bottom: 10px;\n  }\n\n  .btn {\n    width: 100%;\n    box-sizing: border-box;\n  }\n}\n<\/style>\n<\/head>\n\n<body>\n\n<div class=\"button-wrapper\">\n  <a href=\"https:\/\/www.opisto.fi\/autokoulu2019\/pori\/\">\n    <button class=\"btn\">PORI<\/button>\n  <\/a>\n\n  <a href=\"https:\/\/www.opisto.fi\/autokoulu2019\/eura\">\n    <button class=\"btn\">EURA<\/button>\n  <\/a>\n\n  <a href=\"https:\/\/www.opisto.fi\/autokoulu2019\/nakkila\">\n    <button class=\"btn\">NAKKILA<\/button>\n  <\/a>\n\n  <a href=\"https:\/\/www.opisto.fi\/autokoulu2019\/kokemaki\">\n    <button class=\"btn\">KOKEM\u00c4KI<\/button>\n  <\/a>\n\n  <a href=\"https:\/\/www.opisto.fi\/autokoulu2019\/harjavalta\">\n    <button class=\"btn\">HARJAVALTA<\/button>\n  <\/a>\n<\/div>\n\n<\/body>\n<\/html>\t\t<\/div>\n\t\t\t\t<\/div>\n\t\t\t\t<div class=\"elementor-element elementor-element-d66f2c4 elementor-widget elementor-widget-spacer\" data-id=\"d66f2c4\" data-element_type=\"widget\" data-widget_type=\"spacer.default\">\n\t\t\t\t<div class=\"elementor-widget-container\">\n\t\t\t\t\t<div class=\"elementor-spacer\">\n\t\t\t<div class=\"elementor-spacer-inner\"><\/div>\n\t\t<\/div>\n\t\t\t\t<\/div>\n\t\t\t\t<\/div>\n\t\t\t\t<div class=\"elementor-element elementor-element-5fef265 elementor-align-center elementor-button-warning elementor-widget elementor-widget-button\" data-id=\"5fef265\" data-element_type=\"widget\" data-widget_type=\"button.default\">\n\t\t\t\t<div class=\"elementor-widget-container\">\n\t\t\t\t\t<div class=\"elementor-button-wrapper\">\n\t\t\t<a class=\"elementor-button elementor-button-link elementor-size-sm\" href=\"https:\/\/opisto.fi\/tilaa\">\n\t\t\t\t\t\t<span class=\"elementor-button-content-wrapper\">\n\t\t\t\t\t\t<span class=\"elementor-button-text\">TUTUSTU UUTEEN VERKKOKAUPPAAN<\/span>\n\t\t<\/span>\n\t\t\t\t\t<\/a>\n\t\t<\/div>\n\t\t\t\t<\/div>\n\t\t\t\t<\/div>\n\t\t\t\t\t<\/div>\n\t\t<\/div>\n\t\t\t\t\t\t\t<\/div>\n\t\t<\/section>\n\t\t\t\t<section class=\"elementor-section elementor-top-section elementor-element elementor-element-0c0f335 elementor-section-boxed elementor-section-height-default elementor-section-height-default\" data-id=\"0c0f335\" data-element_type=\"section\">\n\t\t\t\t\t\t<div class=\"elementor-container elementor-column-gap-default\">\n\t\t\t\t\t<div class=\"elementor-column elementor-col-100 elementor-top-column elementor-element elementor-element-bc3f62c\" data-id=\"bc3f62c\" data-element_type=\"column\">\n\t\t\t<div class=\"elementor-widget-wrap\">\n\t\t\t\t\t\t\t\t\t<\/div>\n\t\t<\/div>\n\t\t\t\t\t\t\t<\/div>\n\t\t<\/section>\n\t\t\t\t<section class=\"elementor-section elementor-top-section elementor-element elementor-element-707e5b39 elementor-section-boxed elementor-section-height-default elementor-section-height-default\" data-id=\"707e5b39\" data-element_type=\"section\">\n\t\t\t\t\t\t<div class=\"elementor-container elementor-column-gap-wider\">\n\t\t\t\t\t<div class=\"elementor-column elementor-col-33 elementor-top-column elementor-element elementor-element-74d4d8dc\" data-id=\"74d4d8dc\" data-element_type=\"column\">\n\t\t\t<div class=\"elementor-widget-wrap elementor-element-populated\">\n\t\t\t\t\t\t\t\t<div class=\"elementor-element elementor-element-1d292c1 elementor-position-top elementor-widget elementor-widget-image-box\" data-id=\"1d292c1\" data-element_type=\"widget\" data-widget_type=\"image-box.default\">\n\t\t\t\t<div class=\"elementor-widget-container\">\n\t\t\t<div class=\"elementor-image-box-wrapper\"><figure class=\"elementor-image-box-img\"><a href=\"https:\/\/www.opisto.fi\/autokoulu2019\/pori\" tabindex=\"-1\"><img loading=\"lazy\" decoding=\"async\" width=\"1600\" height=\"1200\" src=\"https:\/\/www.opisto.fi\/autokoulu2019\/wp-content\/uploads\/2025\/06\/Focus7.jpg\" class=\"attachment-full size-full wp-image-255\" alt=\"\" srcset=\"https:\/\/www.opisto.fi\/autokoulu2019\/wp-content\/uploads\/2025\/06\/Focus7.jpg 1600w, https:\/\/www.opisto.fi\/autokoulu2019\/wp-content\/uploads\/2025\/06\/Focus7-300x225.jpg 300w, https:\/\/www.opisto.fi\/autokoulu2019\/wp-content\/uploads\/2025\/06\/Focus7-1024x768.jpg 1024w, https:\/\/www.opisto.fi\/autokoulu2019\/wp-content\/uploads\/2025\/06\/Focus7-768x576.jpg 768w, https:\/\/www.opisto.fi\/autokoulu2019\/wp-content\/uploads\/2025\/06\/Focus7-1536x1152.jpg 1536w, https:\/\/www.opisto.fi\/autokoulu2019\/wp-content\/uploads\/2025\/06\/Focus7-1140x855.jpg 1140w\" sizes=\"(max-width: 1600px) 100vw, 1600px\" \/><\/a><\/figure><div class=\"elementor-image-box-content\"><h3 class=\"elementor-image-box-title\"><a href=\"https:\/\/www.opisto.fi\/autokoulu2019\/pori\">Ajokortti esim 50 \u20ac\/kk<\/a><\/h3><p class=\"elementor-image-box-description\">Verkkokauppamme kautta voit maksaa kaikki kurssipakettimme sek\u00e4 lis\u00e4palvelumme halutessasi osissa!<br>Edelleen mahdollisuus my\u00f6s osamaksuun ilman korkoa ja kuluja suoraan autokoululle, kun maksat kurssimaksusi ennen ajokoetta.<\/p><\/div><\/div>\t\t<\/div>\n\t\t\t\t<\/div>\n\t\t\t\t\t<\/div>\n\t\t<\/div>\n\t\t\t\t<div class=\"elementor-column elementor-col-33 elementor-top-column elementor-element elementor-element-38a53b25\" data-id=\"38a53b25\" data-element_type=\"column\">\n\t\t\t<div class=\"elementor-widget-wrap elementor-element-populated\">\n\t\t\t\t\t\t\t\t<div class=\"elementor-element elementor-element-6f631a6 elementor-position-top elementor-widget elementor-widget-image-box\" data-id=\"6f631a6\" data-element_type=\"widget\" data-widget_type=\"image-box.default\">\n\t\t\t\t<div class=\"elementor-widget-container\">\n\t\t\t<div class=\"elementor-image-box-wrapper\"><figure class=\"elementor-image-box-img\"><a href=\"https:\/\/www.opisto.fi\/autokoulu2019\/pori\" tabindex=\"-1\"><img loading=\"lazy\" decoding=\"async\" width=\"2040\" height=\"1530\" src=\"https:\/\/www.opisto.fi\/autokoulu2019\/wp-content\/uploads\/2025\/07\/Opisto2.jpg\" class=\"attachment-full size-full wp-image-261\" alt=\"\" srcset=\"https:\/\/www.opisto.fi\/autokoulu2019\/wp-content\/uploads\/2025\/07\/Opisto2.jpg 2040w, https:\/\/www.opisto.fi\/autokoulu2019\/wp-content\/uploads\/2025\/07\/Opisto2-300x225.jpg 300w, https:\/\/www.opisto.fi\/autokoulu2019\/wp-content\/uploads\/2025\/07\/Opisto2-1024x768.jpg 1024w, https:\/\/www.opisto.fi\/autokoulu2019\/wp-content\/uploads\/2025\/07\/Opisto2-768x576.jpg 768w, https:\/\/www.opisto.fi\/autokoulu2019\/wp-content\/uploads\/2025\/07\/Opisto2-1536x1152.jpg 1536w, https:\/\/www.opisto.fi\/autokoulu2019\/wp-content\/uploads\/2025\/07\/Opisto2-1140x855.jpg 1140w\" sizes=\"(max-width: 2040px) 100vw, 2040px\" \/><\/a><\/figure><div class=\"elementor-image-box-content\"><h3 class=\"elementor-image-box-title\"><a href=\"https:\/\/www.opisto.fi\/autokoulu2019\/pori\">Meill\u00e4 on aukioloajat!<\/a><\/h3><p class=\"elementor-image-box-description\">N\u00e4et aukioloajat valitsemalla paikkakunnan!\n\nAukioloaikojen poikkeuksista ilmoitamme sosiaalisen median kanavissa ajankohtaisesti!\n<\/p><\/div><\/div>\t\t<\/div>\n\t\t\t\t<\/div>\n\t\t\t\t\t<\/div>\n\t\t<\/div>\n\t\t\t\t<div class=\"elementor-column elementor-col-33 elementor-top-column elementor-element elementor-element-365d805c\" data-id=\"365d805c\" data-element_type=\"column\">\n\t\t\t<div class=\"elementor-widget-wrap elementor-element-populated\">\n\t\t\t\t\t\t\t\t<div class=\"elementor-element elementor-element-67cfd9fd elementor-position-top elementor-widget elementor-widget-image-box\" data-id=\"67cfd9fd\" data-element_type=\"widget\" data-widget_type=\"image-box.default\">\n\t\t\t\t<div class=\"elementor-widget-container\">\n\t\t\t<div class=\"elementor-image-box-wrapper\"><figure class=\"elementor-image-box-img\"><a href=\"https:\/\/www.opisto.fi\/autokoulu2019\/pori\" tabindex=\"-1\"><img loading=\"lazy\" decoding=\"async\" width=\"1920\" height=\"1080\" src=\"https:\/\/www.opisto.fi\/autokoulu2019\/wp-content\/uploads\/2025\/03\/Henkilokunta.png\" class=\"attachment-full size-full wp-image-250\" alt=\"\" srcset=\"https:\/\/www.opisto.fi\/autokoulu2019\/wp-content\/uploads\/2025\/03\/Henkilokunta.png 1920w, https:\/\/www.opisto.fi\/autokoulu2019\/wp-content\/uploads\/2025\/03\/Henkilokunta-300x169.png 300w, https:\/\/www.opisto.fi\/autokoulu2019\/wp-content\/uploads\/2025\/03\/Henkilokunta-1024x576.png 1024w, https:\/\/www.opisto.fi\/autokoulu2019\/wp-content\/uploads\/2025\/03\/Henkilokunta-768x432.png 768w, https:\/\/www.opisto.fi\/autokoulu2019\/wp-content\/uploads\/2025\/03\/Henkilokunta-1536x864.png 1536w, https:\/\/www.opisto.fi\/autokoulu2019\/wp-content\/uploads\/2025\/03\/Henkilokunta-1140x641.png 1140w\" sizes=\"(max-width: 1920px) 100vw, 1920px\" \/><\/a><\/figure><div class=\"elementor-image-box-content\"><h3 class=\"elementor-image-box-title\"><a href=\"https:\/\/www.opisto.fi\/autokoulu2019\/pori\">Parasta kalustoa ja rennot opettajat<\/a><\/h3><p class=\"elementor-image-box-description\">Hyv\u00e4 henkil\u00f6kemia, vankka kokemus, yhdistettyn\u00e4 rentoon, huumorilla h\u00f6ystettyyn ilmapiiriin takaavat parhaat l\u00e4ht\u00f6kohdat aloittaa, mopolla, mopoautolla, moottoripy\u00f6r\u00e4ll\u00e4, autolla, yhdistelm\u00e4ll\u00e4 tai vaikka kuorma-autolla ajamiseen.<\/p><\/div><\/div>\t\t<\/div>\n\t\t\t\t<\/div>\n\t\t\t\t\t<\/div>\n\t\t<\/div>\n\t\t\t\t\t\t\t<\/div>\n\t\t<\/section>\n\t\t\t\t<section class=\"elementor-section elementor-top-section elementor-element elementor-element-d4a3906 elementor-section-boxed elementor-section-height-default elementor-section-height-default\" data-id=\"d4a3906\" data-element_type=\"section\">\n\t\t\t\t\t\t<div class=\"elementor-container elementor-column-gap-default\">\n\t\t\t\t\t<div class=\"elementor-column elementor-col-100 elementor-top-column elementor-element elementor-element-4bed59d\" data-id=\"4bed59d\" data-element_type=\"column\">\n\t\t\t<div class=\"elementor-widget-wrap elementor-element-populated\">\n\t\t\t\t\t\t\t\t<div class=\"elementor-element elementor-element-d9389d2 elementor-widget elementor-widget-text-editor\" data-id=\"d9389d2\" data-element_type=\"widget\" data-widget_type=\"text-editor.default\">\n\t\t\t\t<div class=\"elementor-widget-container\">\n\t\t\t\t\t\t\t<p style=\"text-align: center;\"><span style=\"color: #000000; font-size: 10pt;\"><br \/><span style=\"font-size: 24pt; background-color: #ffff00;\"><strong><a style=\"background-color: #ffff00; color: #000000;\" href=\"https:\/\/opisto.fi\/tilaa\" data-wplink-edit=\"true\"><span style=\"font-family: 'arial black', sans-serif;\"><em>TUTUSTU UUTEEN VERKKOKAUPPAAN!!!<\/em><\/span><\/a><\/strong><\/span><\/span><\/p><p style=\"text-align: center;\"><span style=\"font-family: 'arial black', sans-serif; color: #000000;\"><em><span style=\"font-size: 14pt; background-color: #ffff00;\">Voit maksaa kurssimaksut my\u00f6s eriss\u00e4!!<\/span><\/em><\/span><\/p><p style=\"text-align: center;\">\u00a0<\/p>\t\t\t\t\t\t<\/div>\n\t\t\t\t<\/div>\n\t\t\t\t<div class=\"elementor-element elementor-element-3908df4 elementor-hidden-desktop elementor-widget-divider--view-line elementor-widget elementor-widget-divider\" data-id=\"3908df4\" data-element_type=\"widget\" data-widget_type=\"divider.default\">\n\t\t\t\t<div class=\"elementor-widget-container\">\n\t\t\t\t\t<div class=\"elementor-divider\">\n\t\t\t<span class=\"elementor-divider-separator\">\n\t\t\t\t\t\t<\/span>\n\t\t<\/div>\n\t\t\t\t<\/div>\n\t\t\t\t<\/div>\n\t\t\t\t\t<\/div>\n\t\t<\/div>\n\t\t\t\t\t\t\t<\/div>\n\t\t<\/section>\n\t\t\t\t<section class=\"elementor-section elementor-top-section elementor-element elementor-element-6556a1d elementor-section-boxed elementor-section-height-default elementor-section-height-default\" data-id=\"6556a1d\" data-element_type=\"section\">\n\t\t\t\t\t\t<div class=\"elementor-container elementor-column-gap-default\">\n\t\t\t\t\t<div class=\"elementor-column elementor-col-100 elementor-top-column elementor-element elementor-element-b285f20\" data-id=\"b285f20\" data-element_type=\"column\">\n\t\t\t<div class=\"elementor-widget-wrap elementor-element-populated\">\n\t\t\t\t\t\t\t\t<div class=\"elementor-element elementor-element-013acf2 elementor-widget elementor-widget-image\" data-id=\"013acf2\" data-element_type=\"widget\" data-widget_type=\"image.default\">\n\t\t\t\t<div class=\"elementor-widget-container\">\n\t\t\t\t\t\t\t\t\t\t\t\t\t\t\t<img loading=\"lazy\" decoding=\"async\" width=\"960\" height=\"199\" src=\"https:\/\/www.opisto.fi\/autokoulu2019\/wp-content\/uploads\/2018\/12\/liikenneopisto-1024x212.jpg\" class=\"attachment-large size-large wp-image-165\" alt=\"\" srcset=\"https:\/\/www.opisto.fi\/autokoulu2019\/wp-content\/uploads\/2018\/12\/liikenneopisto-1024x212.jpg 1024w, https:\/\/www.opisto.fi\/autokoulu2019\/wp-content\/uploads\/2018\/12\/liikenneopisto-300x62.jpg 300w, https:\/\/www.opisto.fi\/autokoulu2019\/wp-content\/uploads\/2018\/12\/liikenneopisto-768x159.jpg 768w, https:\/\/www.opisto.fi\/autokoulu2019\/wp-content\/uploads\/2018\/12\/liikenneopisto-1140x236.jpg 1140w, https:\/\/www.opisto.fi\/autokoulu2019\/wp-content\/uploads\/2018\/12\/liikenneopisto.jpg 1596w\" sizes=\"(max-width: 960px) 100vw, 960px\" \/>\t\t\t\t\t\t\t\t\t\t\t\t\t\t\t<\/div>\n\t\t\t\t<\/div>\n\t\t\t\t\t<\/div>\n\t\t<\/div>\n\t\t\t\t\t\t\t<\/div>\n\t\t<\/section>\n\t\t\t\t<section class=\"elementor-section elementor-top-section elementor-element elementor-element-88fccbc elementor-section-boxed elementor-section-height-default elementor-section-height-default\" data-id=\"88fccbc\" data-element_type=\"section\">\n\t\t\t\t\t\t<div class=\"elementor-container elementor-column-gap-default\">\n\t\t\t\t\t<div class=\"elementor-column elementor-col-100 elementor-top-column elementor-element elementor-element-553cc6b\" data-id=\"553cc6b\" data-element_type=\"column\">\n\t\t\t<div class=\"elementor-widget-wrap elementor-element-populated\">\n\t\t\t\t\t\t\t\t<div class=\"elementor-element elementor-element-6f2ee7b elementor-shape-rounded elementor-grid-0 e-grid-align-center elementor-widget elementor-widget-social-icons\" data-id=\"6f2ee7b\" data-element_type=\"widget\" data-widget_type=\"social-icons.default\">\n\t\t\t\t<div class=\"elementor-widget-container\">\n\t\t\t\t\t<div class=\"elementor-social-icons-wrapper elementor-grid\">\n\t\t\t\t\t\t\t<span class=\"elementor-grid-item\">\n\t\t\t\t\t<a class=\"elementor-icon elementor-social-icon elementor-social-icon-facebook elementor-repeater-item-b0d8211\" href=\"https:\/\/www.facebook.com\/autokoulu\/\" target=\"_blank\">\n\t\t\t\t\t\t<span class=\"elementor-screen-only\">Facebook<\/span>\n\t\t\t\t\t\t\t\t\t\t\t\t\t<i class=\"fa fa-facebook\"><\/i>\n\t\t\t\t\t\t\t\t\t\t\t<\/a>\n\t\t\t\t<\/span>\n\t\t\t\t\t\t\t<span class=\"elementor-grid-item\">\n\t\t\t\t\t<a class=\"elementor-icon elementor-social-icon elementor-social-icon-instagram elementor-repeater-item-ec6b026\" href=\"https:\/\/www.instagram.com\/liikenneopisto\/\" target=\"_blank\">\n\t\t\t\t\t\t<span class=\"elementor-screen-only\">Instagram<\/span>\n\t\t\t\t\t\t\t\t\t\t\t\t\t<i class=\"fa fa-instagram\"><\/i>\n\t\t\t\t\t\t\t\t\t\t\t<\/a>\n\t\t\t\t<\/span>\n\t\t\t\t\t<\/div>\n\t\t\t\t<\/div>\n\t\t\t\t<\/div>\n\t\t\t\t\t<\/div>\n\t\t<\/div>\n\t\t\t\t\t\t\t<\/div>\n\t\t<\/section>\n\t\t\t\t<section class=\"elementor-section elementor-top-section elementor-element elementor-element-6fb8ba4 elementor-section-boxed elementor-section-height-default elementor-section-height-default\" data-id=\"6fb8ba4\" data-element_type=\"section\">\n\t\t\t\t\t\t<div class=\"elementor-container elementor-column-gap-default\">\n\t\t\t\t\t<div class=\"elementor-column elementor-col-100 elementor-top-column elementor-element elementor-element-12a17e7\" data-id=\"12a17e7\" data-element_type=\"column\">\n\t\t\t<div class=\"elementor-widget-wrap\">\n\t\t\t\t\t\t\t\t\t<\/div>\n\t\t<\/div>\n\t\t\t\t\t\t\t<\/div>\n\t\t<\/section>\n\t\t\t\t\t\t\t<\/div>\n\t\t","protected":false},"excerpt":{"rendered":"<p>Driving Academy AUTOKOULU LIIKENNEOPISTO Koulutusta mopoista kuorma-autoihin, simulaattoreista virtuaalitunteihin. Aloita valitsemalla paikkakunta PORI EURA NAKKILA KOKEM\u00c4KI HARJAVALTA TUTUSTU UUTEEN VERKKOKAUPPAAN Ajokortti esim 50 \u20ac\/kk Verkkokauppamme kautta voit maksaa kaikki kurssipakettimme sek\u00e4 lis\u00e4palvelumme halutessasi osissa!Edelleen mahdollisuus my\u00f6s osamaksuun ilman korkoa ja kuluja suoraan autokoululle, kun maksat kurssimaksusi ennen ajokoetta. Meill\u00e4 on aukioloajat! N\u00e4et aukioloajat valitsemalla paikkakunnan! Aukioloaikojen poikkeuksista ilmoitamme sosiaalisen median kanavissa ajankohtaisesti! Parasta kalustoa ja rennot opettajat Hyv\u00e4 henkil\u00f6kemia, vankka kokemus, yhdistettyn\u00e4 rentoon, huumorilla h\u00f6ystettyyn ilmapiiriin takaavat parhaat l\u00e4ht\u00f6kohdat aloittaa, mopolla, mopoautolla, moottoripy\u00f6r\u00e4ll\u00e4, autolla, yhdistelm\u00e4ll\u00e4 tai vaikka kuorma-autolla ajamiseen. TUTUSTU UUTEEN VERKKOKAUPPAAN!!! Voit maksaa kurssimaksut my\u00f6s eriss\u00e4!! \u00a0 Facebook Instagram<\/p>\n","protected":false},"author":1,"featured_media":0,"parent":0,"menu_order":0,"comment_status":"closed","ping_status":"closed","template":"elementor_header_footer","meta":{"footnotes":""},"_links":{"self":[{"href":"https:\/\/www.opisto.fi\/autokoulu2019\/wp-json\/wp\/v2\/pages\/2"}],"collection":[{"href":"https:\/\/www.opisto.fi\/autokoulu2019\/wp-json\/wp\/v2\/pages"}],"about":[{"href":"https:\/\/www.opisto.fi\/autokoulu2019\/wp-json\/wp\/v2\/types\/page"}],"author":[{"embeddable":true,"href":"https:\/\/www.opisto.fi\/autokoulu2019\/wp-json\/wp\/v2\/users\/1"}],"replies":[{"embeddable":true,"href":"https:\/\/www.opisto.fi\/autokoulu2019\/wp-json\/wp\/v2\/comments?post=2"}],"version-history":[{"count":143,"href":"https:\/\/www.opisto.fi\/autokoulu2019\/wp-json\/wp\/v2\/pages\/2\/revisions"}],"predecessor-version":[{"id":325,"href":"https:\/\/www.opisto.fi\/autokoulu2019\/wp-json\/wp\/v2\/pages\/2\/revisions\/325"}],"wp:attachment":[{"href":"https:\/\/www.opisto.fi\/autokoulu2019\/wp-json\/wp\/v2\/media?parent=2"}],"curies":[{"name":"wp","href":"https:\/\/api.w.org\/{rel}","templated":true}]}}