{"id":6957,"date":"2026-03-01T20:04:31","date_gmt":"2026-03-01T20:04:31","guid":{"rendered":"https:\/\/www.opisto.fi\/autokoulu2019\/pori\/?page_id=6957"},"modified":"2026-03-17T10:22:41","modified_gmt":"2026-03-17T10:22:41","slug":"traktori","status":"publish","type":"page","link":"https:\/\/www.opisto.fi\/autokoulu2019\/pori\/?page_id=6957","title":{"rendered":"Traktori (T)"},"content":{"rendered":"\t\t<div data-elementor-type=\"wp-page\" data-elementor-id=\"6957\" class=\"elementor elementor-6957\">\n\t\t\t\t<div class=\"elementor-element elementor-element-50cc72c2 e-flex e-con-boxed e-con e-parent\" data-id=\"50cc72c2\" data-element_type=\"container\" data-e-type=\"container\">\n\t\t\t\t\t<div class=\"e-con-inner\">\n\t\t\t\t<div class=\"elementor-element elementor-element-4766e1b2 elementor-widget elementor-widget-spacer\" data-id=\"4766e1b2\" data-element_type=\"widget\" data-e-type=\"widget\" data-widget_type=\"spacer.default\">\n\t\t\t\t<div class=\"elementor-widget-container\">\n\t\t\t\t\t\t\t<div class=\"elementor-spacer\">\n\t\t\t<div class=\"elementor-spacer-inner\"><\/div>\n\t\t<\/div>\n\t\t\t\t\t\t<\/div>\n\t\t\t\t<\/div>\n\t\t\t\t<div class=\"elementor-element elementor-element-5136f2dc elementor-widget elementor-widget-heading\" data-id=\"5136f2dc\" data-element_type=\"widget\" data-e-type=\"widget\" data-widget_type=\"heading.default\">\n\t\t\t\t<div class=\"elementor-widget-container\">\n\t\t\t\t\t<h1 class=\"elementor-heading-title elementor-size-default\">Traktori (T)<\/h1>\t\t\t\t<\/div>\n\t\t\t\t<\/div>\n\t\t\t\t<div class=\"elementor-element elementor-element-78196d40 elementor-widget elementor-widget-text-editor\" data-id=\"78196d40\" data-element_type=\"widget\" data-e-type=\"widget\" data-widget_type=\"text-editor.default\">\n\t\t\t\t<div class=\"elementor-widget-container\">\n\t\t\t\t\t\t\t\t\t<p><em>Toimistollamme saat palvelua ja sinua neuvotaan henkil\u00f6kohtaisesti kurssin jokaisessa vaiheessa &#8211; et siis j\u00e4\u00e4 yksin kurssisuoritusten kanssa!<\/em><\/p><div><a href=\"https:\/\/opisto.fi\/tilaa\/\"><u>Verkkokaupasta<\/u><\/a> saat my\u00f6s kurssit ja oppimateriaalit ja v<em>oit maksaa kurssimaksut eriss\u00e4 jopa 36kk maksuajalla<\/em>.<\/div><p><a href=\"https:\/\/www.opisto.fi\/autokoulu2019\/pori\/?page_id=2776\"><u>Ilmoittaudu kurssille<\/u><\/a>\u00a0netin kautta, soittamalla tai tule k\u00e4ym\u00e4\u00e4n toimistollamme niin saat lis\u00e4\u00e4 infoa!<\/p><p>\u00a0<\/p>\t\t\t\t\t\t\t\t<\/div>\n\t\t\t\t<\/div>\n\t\t\t\t\t<\/div>\n\t\t\t\t<\/div>\n\t\t<div class=\"elementor-element elementor-element-55ece73f e-flex e-con-boxed e-con e-parent\" data-id=\"55ece73f\" data-element_type=\"container\" data-e-type=\"container\">\n\t\t\t\t\t<div class=\"e-con-inner\">\n\t\t<div class=\"elementor-element elementor-element-1d815edf e-con-full e-flex e-con e-child\" data-id=\"1d815edf\" data-element_type=\"container\" data-e-type=\"container\" data-settings=\"{&quot;background_background&quot;:&quot;classic&quot;}\">\n\t\t\t\t<div class=\"elementor-element elementor-element-128a5fab elementor-widget elementor-widget-heading\" data-id=\"128a5fab\" data-element_type=\"widget\" data-e-type=\"widget\" data-widget_type=\"heading.default\">\n\t\t\t\t<div class=\"elementor-widget-container\">\n\t\t\t\t\t<h1 class=\"elementor-heading-title elementor-size-default\">Traktorikortti (T) 50 \u20ac<\/h1>\t\t\t\t<\/div>\n\t\t\t\t<\/div>\n\t\t\t\t<div class=\"elementor-element elementor-element-44b9749d elementor-widget elementor-widget-text-editor\" data-id=\"44b9749d\" data-element_type=\"widget\" data-e-type=\"widget\" data-widget_type=\"text-editor.default\">\n\t\t\t\t<div class=\"elementor-widget-container\">\n\t\t\t\t\t\t\t\t\t<p>+ Viranomaiskulut 74\u20ac<br \/>+ harjoittelumateriaalit 39,90\u20ac<\/p><p><strong>Sis\u00e4lt\u00e4\u00e4:<\/strong><br \/>&#8211; 4h EAS-koulutus<br \/><br \/><\/p>\t\t\t\t\t\t\t\t<\/div>\n\t\t\t\t<\/div>\n\t\t\t\t<div class=\"elementor-element elementor-element-15991941 elementor-widget elementor-widget-button\" data-id=\"15991941\" data-element_type=\"widget\" data-e-type=\"widget\" data-widget_type=\"button.default\">\n\t\t\t\t<div class=\"elementor-widget-container\">\n\t\t\t\t\t\t\t\t\t<div class=\"elementor-button-wrapper\">\n\t\t\t\t\t<a class=\"elementor-button elementor-button-link elementor-size-sm\" href=\"https:\/\/opisto.fi\/varaa\">\n\t\t\t\t\t\t<span class=\"elementor-button-content-wrapper\">\n\t\t\t\t\t\t\t\t\t<span class=\"elementor-button-text\">Ilmoittaudu t\u00e4st\u00e4<\/span>\n\t\t\t\t\t<\/span>\n\t\t\t\t\t<\/a>\n\t\t\t\t<\/div>\n\t\t\t\t\t\t\t\t<\/div>\n\t\t\t\t<\/div>\n\t\t\t\t<\/div>\n\t\t<div class=\"elementor-element elementor-element-4df6cd81 e-con-full e-flex e-con e-child\" data-id=\"4df6cd81\" data-element_type=\"container\" data-e-type=\"container\">\n\t\t\t\t<\/div>\n\t\t\t\t\t<\/div>\n\t\t\t\t<\/div>\n\t\t<div class=\"elementor-element elementor-element-241b3687 e-flex e-con-boxed e-con e-parent\" data-id=\"241b3687\" data-element_type=\"container\" data-e-type=\"container\">\n\t\t\t\t\t<div class=\"e-con-inner\">\n\t\t\t\t<div class=\"elementor-element elementor-element-1a0b3859 elementor-widget elementor-widget-html\" data-id=\"1a0b3859\" data-element_type=\"widget\" data-e-type=\"widget\" data-widget_type=\"html.default\">\n\t\t\t\t<div class=\"elementor-widget-container\">\n\t\t\t\t\t <!-- KOODIT -->\n<style>\n\n\n.hentry\n {\n    margin: 0 0 60px;\n    padding: 0px;\n\n    background-color: #ffffffe8;\n}\n\n.entry-header {\n    text-align: center;\n    display: none;\n}\n\n@media (max-width: 600px) {\n    .hentry {\n\t\t\tpadding: 0px;}\n}\n\n@media (min-width: 1200px) {\n    .container {\n        width: 1400px;\n    }\n}\n\n\n.e-n-accordion-item-title-text {\nfont-size: 2rem !important;\nfont-weight: 900;\nmargin: 10px;\n\n\n}\n\n\nsummary.e-n-accordion-item-title {\nborder-radius: 1rem !important;\nborder-color: #eb6611 !important;\nborder-color: #efc56e !important;\n\npadding: 10px;\n\n    \n    \n}\n\n.e-n-accordion-item {\n\n    padding: 3px;\n}\n\n\n.elementor-element {\nmargin-top: 5px;\n\n    border-color: #ffffffe8;\n    \n}\n\n\n.e-closed, .e-opened {\n    display: flex\n;\n    padding-left: 15px !important;\n    \n}\n\n\n.elementor-widget-container {\n    padding: 5px !important;\n}\n\n\n\n\n\n\n<\/style>\n\t\t\t\t<\/div>\n\t\t\t\t<\/div>\n\t\t\t\t\t<\/div>\n\t\t\t\t<\/div>\n\t\t<div class=\"elementor-element elementor-element-694f8b6 e-flex e-con-boxed e-con e-parent\" data-id=\"694f8b6\" data-element_type=\"container\" data-e-type=\"container\">\n\t\t\t\t\t<div class=\"e-con-inner\">\n\t\t\t\t<div class=\"elementor-element elementor-element-7c4fdb6d elementor-widget elementor-widget-heading\" data-id=\"7c4fdb6d\" data-element_type=\"widget\" data-e-type=\"widget\" data-widget_type=\"heading.default\">\n\t\t\t\t<div class=\"elementor-widget-container\">\n\t\t\t\t\t<h2 class=\"elementor-heading-title elementor-size-default\">N\u00e4in traktorikurssi etenee<\/h2>\t\t\t\t<\/div>\n\t\t\t\t<\/div>\n\t\t\t\t\t<\/div>\n\t\t\t\t<\/div>\n\t\t<div class=\"elementor-element elementor-element-5637f878 e-con-full e-flex e-con e-child\" data-id=\"5637f878\" data-element_type=\"container\" data-e-type=\"container\">\n\t\t\t\t<div class=\"elementor-element elementor-element-1308d843 elementor-widget elementor-widget-n-accordion\" data-id=\"1308d843\" data-element_type=\"widget\" data-e-type=\"widget\" data-settings=\"{&quot;n_accordion_animation_duration&quot;:{&quot;unit&quot;:&quot;ms&quot;,&quot;size&quot;:100,&quot;sizes&quot;:[]},&quot;default_state&quot;:&quot;all_collapsed&quot;,&quot;max_items_expended&quot;:&quot;one&quot;}\" data-widget_type=\"nested-accordion.default\">\n\t\t\t\t<div class=\"elementor-widget-container\">\n\t\t\t\t\t\t\t<div class=\"e-n-accordion\" aria-label=\"Accordion. Open links with Enter or Space, close with Escape, and navigate with Arrow Keys\">\n\t\t\t\t\t\t<details id=\"e-n-accordion-item-3190\" class=\"e-n-accordion-item\" >\n\t\t\t\t<summary class=\"e-n-accordion-item-title\" data-accordion-index=\"1\" tabindex=\"0\" aria-expanded=\"false\" aria-controls=\"e-n-accordion-item-3190\" >\n\t\t\t\t\t<span class='e-n-accordion-item-title-header'><div class=\"e-n-accordion-item-title-text\"> 1. Ilmoittaudu kurssille <\/div><\/span>\n\t\t\t\t\t\t\t<span class='e-n-accordion-item-title-icon'>\n\t\t\t<span class='e-opened' ><svg aria-hidden=\"true\" class=\"e-font-icon-svg e-fas-minus\" viewBox=\"0 0 448 512\" xmlns=\"http:\/\/www.w3.org\/2000\/svg\"><path d=\"M416 208H32c-17.67 0-32 14.33-32 32v32c0 17.67 14.33 32 32 32h384c17.67 0 32-14.33 32-32v-32c0-17.67-14.33-32-32-32z\"><\/path><\/svg><\/span>\n\t\t\t<span class='e-closed'><svg aria-hidden=\"true\" class=\"e-font-icon-svg e-fas-plus\" viewBox=\"0 0 448 512\" xmlns=\"http:\/\/www.w3.org\/2000\/svg\"><path d=\"M416 208H272V64c0-17.67-14.33-32-32-32h-32c-17.67 0-32 14.33-32 32v144H32c-17.67 0-32 14.33-32 32v32c0 17.67 14.33 32 32 32h144v144c0 17.67 14.33 32 32 32h32c17.67 0 32-14.33 32-32V304h144c17.67 0 32-14.33 32-32v-32c0-17.67-14.33-32-32-32z\"><\/path><\/svg><\/span>\n\t\t<\/span>\n\n\t\t\t\t\t\t<\/summary>\n\t\t\t\t<div role=\"region\" aria-labelledby=\"e-n-accordion-item-3190\" class=\"elementor-element elementor-element-68636609 e-con-full e-flex e-con e-child\" data-id=\"68636609\" data-element_type=\"container\" data-e-type=\"container\">\n\t\t\t\t<div class=\"elementor-element elementor-element-24a34d16 elementor-widget elementor-widget-text-editor\" data-id=\"24a34d16\" data-element_type=\"widget\" data-e-type=\"widget\" data-widget_type=\"text-editor.default\">\n\t\t\t\t<div class=\"elementor-widget-container\">\n\t\t\t\t\t\t\t\t\t<p>Voit aloittaa kurssin koska vain!<br \/>Ilmoittaudu kurssille <a href=\"https:\/\/opisto.fi\/varaa\"><strong>netin<\/strong><\/a> kautta, soittamalla 040 632 7066 tai tule k\u00e4ym\u00e4\u00e4n toimistollamme niin saat lis\u00e4\u00e4 infoa!<\/p><p>Toimistollamme saat palvelua ja sinua neuvotaan henkil\u00f6kohtaisesti kurssin jokaisessa vaiheessa &#8211; et siis j\u00e4\u00e4 yksin kurssisuoritusten kanssa!<\/p>\t\t\t\t\t\t\t\t<\/div>\n\t\t\t\t<\/div>\n\t\t\t\t<\/div>\n\t\t\t\t\t<\/details>\n\t\t\t\t\t\t<details id=\"e-n-accordion-item-3191\" class=\"e-n-accordion-item\" >\n\t\t\t\t<summary class=\"e-n-accordion-item-title\" data-accordion-index=\"2\" tabindex=\"-1\" aria-expanded=\"false\" aria-controls=\"e-n-accordion-item-3191\" >\n\t\t\t\t\t<span class='e-n-accordion-item-title-header'><div class=\"e-n-accordion-item-title-text\"> 2. Maksa kurssi pieniss\u00e4 osissa tai kerralla <\/div><\/span>\n\t\t\t\t\t\t\t<span class='e-n-accordion-item-title-icon'>\n\t\t\t<span class='e-opened' ><svg aria-hidden=\"true\" class=\"e-font-icon-svg e-fas-minus\" viewBox=\"0 0 448 512\" xmlns=\"http:\/\/www.w3.org\/2000\/svg\"><path d=\"M416 208H32c-17.67 0-32 14.33-32 32v32c0 17.67 14.33 32 32 32h384c17.67 0 32-14.33 32-32v-32c0-17.67-14.33-32-32-32z\"><\/path><\/svg><\/span>\n\t\t\t<span class='e-closed'><svg aria-hidden=\"true\" class=\"e-font-icon-svg e-fas-plus\" viewBox=\"0 0 448 512\" xmlns=\"http:\/\/www.w3.org\/2000\/svg\"><path d=\"M416 208H272V64c0-17.67-14.33-32-32-32h-32c-17.67 0-32 14.33-32 32v144H32c-17.67 0-32 14.33-32 32v32c0 17.67 14.33 32 32 32h144v144c0 17.67 14.33 32 32 32h32c17.67 0 32-14.33 32-32V304h144c17.67 0 32-14.33 32-32v-32c0-17.67-14.33-32-32-32z\"><\/path><\/svg><\/span>\n\t\t<\/span>\n\n\t\t\t\t\t\t<\/summary>\n\t\t\t\t<div role=\"region\" aria-labelledby=\"e-n-accordion-item-3191\" class=\"elementor-element elementor-element-17921687 e-flex e-con-boxed e-con e-child\" data-id=\"17921687\" data-element_type=\"container\" data-e-type=\"container\">\n\t\t\t\t\t<div class=\"e-con-inner\">\n\t\t\t\t<div class=\"elementor-element elementor-element-55877684 elementor-widget elementor-widget-text-editor\" data-id=\"55877684\" data-element_type=\"widget\" data-e-type=\"widget\" data-widget_type=\"text-editor.default\">\n\t\t\t\t<div class=\"elementor-widget-container\">\n\t\t\t\t\t\t\t\t\t<p>Voit maksaa kurssimaksut eriss\u00e4 jopa 36kk maksuajalla (<a href=\"https:\/\/opisto.fi\/tilaa\/\">verkkokauppa<\/a>), koko kurssimaksun kerralla (maksuehto 14 vrk) tai toimistolla kortilla tai k\u00e4teisell\u00e4 heti.<\/p>\t\t\t\t\t\t\t\t<\/div>\n\t\t\t\t<\/div>\n\t\t\t\t\t<\/div>\n\t\t\t\t<\/div>\n\t\t\t\t\t<\/details>\n\t\t\t\t\t\t<details id=\"e-n-accordion-item-3192\" class=\"e-n-accordion-item\" >\n\t\t\t\t<summary class=\"e-n-accordion-item-title\" data-accordion-index=\"3\" tabindex=\"-1\" aria-expanded=\"false\" aria-controls=\"e-n-accordion-item-3192\" >\n\t\t\t\t\t<span class='e-n-accordion-item-title-header'><div class=\"e-n-accordion-item-title-text\"> 3. Tee ajokorttilupahakemus <\/div><\/span>\n\t\t\t\t\t\t\t<span class='e-n-accordion-item-title-icon'>\n\t\t\t<span class='e-opened' ><svg aria-hidden=\"true\" class=\"e-font-icon-svg e-fas-minus\" viewBox=\"0 0 448 512\" xmlns=\"http:\/\/www.w3.org\/2000\/svg\"><path d=\"M416 208H32c-17.67 0-32 14.33-32 32v32c0 17.67 14.33 32 32 32h384c17.67 0 32-14.33 32-32v-32c0-17.67-14.33-32-32-32z\"><\/path><\/svg><\/span>\n\t\t\t<span class='e-closed'><svg aria-hidden=\"true\" class=\"e-font-icon-svg e-fas-plus\" viewBox=\"0 0 448 512\" xmlns=\"http:\/\/www.w3.org\/2000\/svg\"><path d=\"M416 208H272V64c0-17.67-14.33-32-32-32h-32c-17.67 0-32 14.33-32 32v144H32c-17.67 0-32 14.33-32 32v32c0 17.67 14.33 32 32 32h144v144c0 17.67 14.33 32 32 32h32c17.67 0 32-14.33 32-32V304h144c17.67 0 32-14.33 32-32v-32c0-17.67-14.33-32-32-32z\"><\/path><\/svg><\/span>\n\t\t<\/span>\n\n\t\t\t\t\t\t<\/summary>\n\t\t\t\t<div role=\"region\" aria-labelledby=\"e-n-accordion-item-3192\" class=\"elementor-element elementor-element-d21d224 e-flex e-con-boxed e-con e-child\" data-id=\"d21d224\" data-element_type=\"container\" data-e-type=\"container\">\n\t\t\t\t\t<div class=\"e-con-inner\">\n\t\t\t\t<div class=\"elementor-element elementor-element-c7df890 elementor-widget elementor-widget-text-editor\" data-id=\"c7df890\" data-element_type=\"widget\" data-e-type=\"widget\" data-widget_type=\"text-editor.default\">\n\t\t\t\t<div class=\"elementor-widget-container\">\n\t\t\t\t\t\t\t\t\t<p><strong>AJOKORTTILUVAN TEKEMINEN TRAFICOMILLE 28 \u20ac<\/strong><br \/>Traficomin s\u00e4hk\u00f6isen ajokorttilupahakemuksen tekemiseen oppilas tarvitsee, omat verkkopankkitunnukset sek\u00e4 voimassa olevan passin tai henkil\u00f6kortin (suomi) \u2013 my\u00f6s aikaisempi ajokortti k\u00e4y.<\/p><p><strong>1)<\/strong>\u00a0Valitse ensimm\u00e4inen ajokortti\u00a0<a href=\"https:\/\/www.traficom.fi\/fi\/asioi-kanssamme\/ensimmainen-ajokortti\">traficom.fi\/ensimmainen-ajokortti<\/a><br \/><strong>tai<br \/>2)<\/strong>\u00a0Valitse korota korttia\u00a0<a href=\"https:\/\/www.traficom.fi\/fi\/asioi-kanssamme\/korota-ajokorttiasi\">traficom.fi\/korota-ajokorttiasi<\/a><br \/><strong>3)<\/strong>\u00a0S\u00e4hk\u00f6inen asiointi &gt; Kirjaudu pankkitunnuksillasi &gt; Valitse ajokortti &gt; Korota korttia\/Ensimm\u00e4inen ajokortti<br \/><strong>4)<\/strong>\u00a0Maksa ajokorttilupa s\u00e4hk\u00f6isess\u00e4 asioinnissa, hinta 28,00\u20ac<\/p><p><strong>JOS S\u00c4HK\u00d6ISEN AJOKORTTILUVAN TEKEMINEN EI ONNISTU, LUPA PIT\u00c4\u00c4 TEHD\u00c4 PAPERISENA!<\/strong><br \/>Jos teet lupahakemuksen Ajovarmalla ota mukaan kuvallinen henkkari, lupamaksu 45,00\u20ac (voit maksaa k\u00e4teisell\u00e4 tai kortilla), sek\u00e4 2 passikuvaa.<\/p><p>Liikenneopistolla voit ottaa passikuvat (15\u20ac)<\/p>\t\t\t\t\t\t\t\t<\/div>\n\t\t\t\t<\/div>\n\t\t\t\t\t<\/div>\n\t\t\t\t<\/div>\n\t\t\t\t\t<\/details>\n\t\t\t\t\t\t<details id=\"e-n-accordion-item-3193\" class=\"e-n-accordion-item\" >\n\t\t\t\t<summary class=\"e-n-accordion-item-title\" data-accordion-index=\"4\" tabindex=\"-1\" aria-expanded=\"false\" aria-controls=\"e-n-accordion-item-3193\" >\n\t\t\t\t\t<span class='e-n-accordion-item-title-header'><div class=\"e-n-accordion-item-title-text\"> 4. Suorita teoriaopetus <\/div><\/span>\n\t\t\t\t\t\t\t<span class='e-n-accordion-item-title-icon'>\n\t\t\t<span class='e-opened' ><svg aria-hidden=\"true\" class=\"e-font-icon-svg e-fas-minus\" viewBox=\"0 0 448 512\" xmlns=\"http:\/\/www.w3.org\/2000\/svg\"><path d=\"M416 208H32c-17.67 0-32 14.33-32 32v32c0 17.67 14.33 32 32 32h384c17.67 0 32-14.33 32-32v-32c0-17.67-14.33-32-32-32z\"><\/path><\/svg><\/span>\n\t\t\t<span class='e-closed'><svg aria-hidden=\"true\" class=\"e-font-icon-svg e-fas-plus\" viewBox=\"0 0 448 512\" xmlns=\"http:\/\/www.w3.org\/2000\/svg\"><path d=\"M416 208H272V64c0-17.67-14.33-32-32-32h-32c-17.67 0-32 14.33-32 32v144H32c-17.67 0-32 14.33-32 32v32c0 17.67 14.33 32 32 32h144v144c0 17.67 14.33 32 32 32h32c17.67 0 32-14.33 32-32V304h144c17.67 0 32-14.33 32-32v-32c0-17.67-14.33-32-32-32z\"><\/path><\/svg><\/span>\n\t\t<\/span>\n\n\t\t\t\t\t\t<\/summary>\n\t\t\t\t<div role=\"region\" aria-labelledby=\"e-n-accordion-item-3193\" class=\"elementor-element elementor-element-63e69f03 e-flex e-con-boxed e-con e-child\" data-id=\"63e69f03\" data-element_type=\"container\" data-e-type=\"container\">\n\t\t\t\t\t<div class=\"e-con-inner\">\n\t\t\t\t<div class=\"elementor-element elementor-element-55edeb38 elementor-widget elementor-widget-text-editor\" data-id=\"55edeb38\" data-element_type=\"widget\" data-e-type=\"widget\" data-widget_type=\"text-editor.default\">\n\t\t\t\t<div class=\"elementor-widget-container\">\n\t\t\t\t\t\t\t\t\t<p>Jos kyseess\u00e4 on ensimm\u00e4inen ajokorttisi, kurssiin sis\u00e4ltyy aina 4h EAS- teoriatunteja, jotka on oltava katsottuna tasotesteineen ennen teoriakoetta.\u00a0<\/p><p><strong>OPPIMATERIAALI:<\/strong><br \/>Meill\u00e4 on k\u00e4yt\u00f6ss\u00e4 eAutokoulun s\u00e4hk\u00f6inen oppimateriaali ja teoriakoeharjoitteluohjelma. T\u00e4m\u00e4 ei sis\u00e4lly kaikkiin kurssipaketteihimme joten sen hinta on erikseen noin. 39,90\u20ac. Saat t\u00e4st\u00e4 antamaasi s\u00e4hk\u00f6postiin aktivointilinkin, josta p\u00e4\u00e4set k\u00e4ytt\u00e4m\u00e4\u00e4n oppimateriaalia. L\u00f6yd\u00e4t oppimateriaalit sivupalkin itseopiskelukohdan takaa. S\u00e4hk\u00f6inen oppimateriaali l\u00f6ytyy\u00a0<a href=\"https:\/\/www.eautokoulu.fi\/\">eautokoulu.fi<\/a><\/p>\t\t\t\t\t\t\t\t<\/div>\n\t\t\t\t<\/div>\n\t\t\t\t\t<\/div>\n\t\t\t\t<\/div>\n\t\t\t\t\t<\/details>\n\t\t\t\t\t\t<details id=\"e-n-accordion-item-3194\" class=\"e-n-accordion-item\" >\n\t\t\t\t<summary class=\"e-n-accordion-item-title\" data-accordion-index=\"5\" tabindex=\"-1\" aria-expanded=\"false\" aria-controls=\"e-n-accordion-item-3194\" >\n\t\t\t\t\t<span class='e-n-accordion-item-title-header'><div class=\"e-n-accordion-item-title-text\"> 5. Suorita teoriakoe <\/div><\/span>\n\t\t\t\t\t\t\t<span class='e-n-accordion-item-title-icon'>\n\t\t\t<span class='e-opened' ><svg aria-hidden=\"true\" class=\"e-font-icon-svg e-fas-minus\" viewBox=\"0 0 448 512\" xmlns=\"http:\/\/www.w3.org\/2000\/svg\"><path d=\"M416 208H32c-17.67 0-32 14.33-32 32v32c0 17.67 14.33 32 32 32h384c17.67 0 32-14.33 32-32v-32c0-17.67-14.33-32-32-32z\"><\/path><\/svg><\/span>\n\t\t\t<span class='e-closed'><svg aria-hidden=\"true\" class=\"e-font-icon-svg e-fas-plus\" viewBox=\"0 0 448 512\" xmlns=\"http:\/\/www.w3.org\/2000\/svg\"><path d=\"M416 208H272V64c0-17.67-14.33-32-32-32h-32c-17.67 0-32 14.33-32 32v144H32c-17.67 0-32 14.33-32 32v32c0 17.67 14.33 32 32 32h144v144c0 17.67 14.33 32 32 32h32c17.67 0 32-14.33 32-32V304h144c17.67 0 32-14.33 32-32v-32c0-17.67-14.33-32-32-32z\"><\/path><\/svg><\/span>\n\t\t<\/span>\n\n\t\t\t\t\t\t<\/summary>\n\t\t\t\t<div role=\"region\" aria-labelledby=\"e-n-accordion-item-3194\" class=\"elementor-element elementor-element-93b65bc e-flex e-con-boxed e-con e-child\" data-id=\"93b65bc\" data-element_type=\"container\" data-e-type=\"container\">\n\t\t\t\t\t<div class=\"e-con-inner\">\n\t\t\t\t<div class=\"elementor-element elementor-element-d38a01d elementor-widget elementor-widget-text-editor\" data-id=\"d38a01d\" data-element_type=\"widget\" data-e-type=\"widget\" data-widget_type=\"text-editor.default\">\n\t\t\t\t<div class=\"elementor-widget-container\">\n\t\t\t\t\t\t\t\t\t<p>Suorita teoriakoe ajoissa pois alta. Varaa teoriakoe ajovarman sivuilta. Voit osallistua teoriakokeeseen aikaisintaan kun t\u00e4yt\u00e4t 15 vuotta.<\/p><p><strong>Huom!<\/strong>\u00a0Teoriakoetta varatessa j\u00e4rjestelm\u00e4 muistuttaa sinua EAS-todistuksesta. Voimme pyydett\u00e4ess\u00e4 jakaa tiedon my\u00f6s s\u00e4hk\u00f6isesti Ajovarmalle jolloin EAS-todistusta ei tarvita.<\/p><p>Suoritettuasi teoriakokeesi hyv\u00e4ksytysti saat ajo-oikeuden.<\/p>\t\t\t\t\t\t\t\t<\/div>\n\t\t\t\t<\/div>\n\t\t\t\t\t<\/div>\n\t\t\t\t<\/div>\n\t\t\t\t\t<\/details>\n\t\t\t\t\t<\/div>\n\t\t\t\t\t\t<\/div>\n\t\t\t\t<\/div>\n\t\t\t\t<\/div>\n\t\t\t\t<\/div>\n\t\t","protected":false},"excerpt":{"rendered":"<p>Traktori (T) Toimistollamme saat palvelua ja sinua neuvotaan henkil\u00f6kohtaisesti kurssin jokaisessa vaiheessa &#8211; et siis j\u00e4\u00e4 yksin kurssisuoritusten kanssa! Verkkokaupasta saat my\u00f6s kurssit ja oppimateriaalit ja voit maksaa kurssimaksut eriss\u00e4 jopa 36kk maksuajalla. Ilmoittaudu kurssille\u00a0netin kautta, soittamalla tai tule k\u00e4ym\u00e4\u00e4n toimistollamme niin saat lis\u00e4\u00e4 infoa! \u00a0 Traktorikortti (T) 50 \u20ac + Viranomaiskulut 74\u20ac+ harjoittelumateriaalit 39,90\u20ac [&hellip;]<\/p>\n","protected":false},"author":1,"featured_media":0,"parent":0,"menu_order":0,"comment_status":"closed","ping_status":"closed","template":"","meta":{"_joinchat":[],"footnotes":""},"class_list":["post-6957","page","type-page","status-publish","hentry"],"_links":{"self":[{"href":"https:\/\/www.opisto.fi\/autokoulu2019\/pori\/index.php?rest_route=\/wp\/v2\/pages\/6957","targetHints":{"allow":["GET"]}}],"collection":[{"href":"https:\/\/www.opisto.fi\/autokoulu2019\/pori\/index.php?rest_route=\/wp\/v2\/pages"}],"about":[{"href":"https:\/\/www.opisto.fi\/autokoulu2019\/pori\/index.php?rest_route=\/wp\/v2\/types\/page"}],"author":[{"embeddable":true,"href":"https:\/\/www.opisto.fi\/autokoulu2019\/pori\/index.php?rest_route=\/wp\/v2\/users\/1"}],"replies":[{"embeddable":true,"href":"https:\/\/www.opisto.fi\/autokoulu2019\/pori\/index.php?rest_route=%2Fwp%2Fv2%2Fcomments&post=6957"}],"version-history":[{"count":14,"href":"https:\/\/www.opisto.fi\/autokoulu2019\/pori\/index.php?rest_route=\/wp\/v2\/pages\/6957\/revisions"}],"predecessor-version":[{"id":7103,"href":"https:\/\/www.opisto.fi\/autokoulu2019\/pori\/index.php?rest_route=\/wp\/v2\/pages\/6957\/revisions\/7103"}],"wp:attachment":[{"href":"https:\/\/www.opisto.fi\/autokoulu2019\/pori\/index.php?rest_route=%2Fwp%2Fv2%2Fmedia&parent=6957"}],"curies":[{"name":"wp","href":"https:\/\/api.w.org\/{rel}","templated":true}]}}