{"id":3004,"date":"2018-05-03T21:13:49","date_gmt":"2018-05-03T21:13:49","guid":{"rendered":"http:\/\/www.opisto.fi\/autokoulu2015\/pori\/?page_id=3004"},"modified":"2026-04-01T07:55:14","modified_gmt":"2026-04-01T07:55:14","slug":"yhteystiedot-2","status":"publish","type":"page","link":"https:\/\/www.opisto.fi\/autokoulu2019\/pori\/?page_id=3004","title":{"rendered":"Yhteystiedot"},"content":{"rendered":"<div id=\"pl-3004\"  class=\"panel-layout\" ><div id=\"pg-3004-0\"  class=\"panel-grid panel-no-style\" ><div id=\"pgc-3004-0-0\"  class=\"panel-grid-cell\" ><div id=\"panel-3004-0-0-0\" class=\"so-panel widget widget_media_image panel-first-child panel-last-child\" data-index=\"0\" ><img fetchpriority=\"high\" decoding=\"async\" width=\"2040\" height=\"1048\" src=\"https:\/\/www.opisto.fi\/autokoulu2019\/pori\/wp-content\/uploads\/2026\/02\/Opisto1_rajattu-1.jpg\" class=\"image wp-image-6599  attachment-full size-full\" alt=\"\" style=\"max-width: 100%; height: auto;\" srcset=\"https:\/\/www.opisto.fi\/autokoulu2019\/pori\/wp-content\/uploads\/2026\/02\/Opisto1_rajattu-1.jpg 2040w, https:\/\/www.opisto.fi\/autokoulu2019\/pori\/wp-content\/uploads\/2026\/02\/Opisto1_rajattu-1-300x154.jpg 300w, https:\/\/www.opisto.fi\/autokoulu2019\/pori\/wp-content\/uploads\/2026\/02\/Opisto1_rajattu-1-1024x526.jpg 1024w, https:\/\/www.opisto.fi\/autokoulu2019\/pori\/wp-content\/uploads\/2026\/02\/Opisto1_rajattu-1-768x395.jpg 768w, https:\/\/www.opisto.fi\/autokoulu2019\/pori\/wp-content\/uploads\/2026\/02\/Opisto1_rajattu-1-1536x789.jpg 1536w, https:\/\/www.opisto.fi\/autokoulu2019\/pori\/wp-content\/uploads\/2026\/02\/Opisto1_rajattu-1-1020x524.jpg 1020w\" sizes=\"(max-width: 2040px) 100vw, 2040px\" \/><\/div><\/div><\/div><div id=\"pg-3004-1\"  class=\"panel-grid panel-no-style\" ><div id=\"pgc-3004-1-0\"  class=\"panel-grid-cell\" ><div id=\"panel-3004-1-0-0\" class=\"so-panel widget widget_sow-editor panel-first-child panel-last-child\" data-index=\"1\" ><div class=\"panel-widget-style panel-widget-style-for-3004-1-0-0\" ><div\n\t\t\t\n\t\t\tclass=\"so-widget-sow-editor so-widget-sow-editor-base\"\n\t\t\t\n\t\t>\n<div class=\"siteorigin-widget-tinymce textwidget\">\n\t<p><strong>Porin Liikenneopisto<\/strong><br \/>\nEtel\u00e4puisto 13<br \/>\n28100 Pori<br \/>\nPuh. 040 632 7066 (my\u00f6s whatsapp)<\/p>\n<p>Toimisto avoinna:<br \/>\nMa-To 11.00 - 17.00<br \/>\nPe 11.00 - 16.30<\/p>\n<p>liikenne(at)opisto.fi<br \/>\n<a title=\"Porin Liikenneopisto\" href=\"https:\/\/maps.google.fi\/maps?q=Etel%C3%A4puisto+13,+Pori&amp;hl=fi&amp;ie=UTF8&amp;ll=61.484487,21.791186&amp;spn=0.000509,0.00097&amp;sll=61.258061,22.353937&amp;sspn=0.007543,0.012381&amp;oq=Etel%C3%A4puisto+13&amp;t=h&amp;hnear=Etel%C3%A4puisto+13,+Pori&amp;layer=c&amp;cbll=61.484514,21.791105&amp;panoid=2NqtVzjBME_p3qbMg4tODA&amp;cbp=12,335.79,,0,4.5&amp;z=20\">Kartta\/Ajo-ohje<\/a><br \/>\n<a href=\"https:\/\/www.opisto.fi\/autokoulu2019\/pori\/?page_id=2776\" target=\"_blank\" rel=\"noopener noreferrer\">Ilmoittaudu kurssille<\/a><\/p>\n<p>&nbsp;<\/p>\n<p><strong>Euran Liikenneopisto<\/strong><br \/>\nEurantie 27<br \/>\n27510 Eura<br \/>\nPuh. 0500 720 111<\/p>\n<p>Avoinna:<br \/>\nMa ja Pe 10 - 16.30<br \/>\neura(at)opisto.fi<br \/>\n<a href=\"https:\/\/www.opisto.fi\/hinnastot\/qheura.pdf\">Hinnasto<\/a><br \/>\n<a title=\"Euran Liikenneopisto\" href=\"https:\/\/maps.google.fi\/maps?q=Eurantie+27,+Eura&amp;hl=fi&amp;ll=61.124905,22.135713&amp;spn=0.004388,0.016512&amp;sll=61.125150,22.135134&amp;layer=c&amp;cbp=13,226.38,,0,3.45&amp;cbll=61.125198,22.135441&amp;hnear=Eurantie+27,+27510+Eura&amp;t=h&amp;z=17&amp;panoid=uQA6qbEMjghqWig5FE7Y8Q\">Kartta\/Ajo-ohje<\/a><br \/>\n<a href=\"https:\/\/www.opisto.fi\/autokoulu2019\/eura\/?page_id=350\" target=\"_blank\" rel=\"noopener noreferrer\">Ilmoittaudu kurssille<\/a><\/p>\n<\/div>\n<\/div><\/div><\/div><\/div><div id=\"pgc-3004-1-1\"  class=\"panel-grid-cell\" ><div id=\"panel-3004-1-1-0\" class=\"so-panel widget widget_sow-editor panel-first-child panel-last-child\" data-index=\"2\" ><div class=\"panel-widget-style panel-widget-style-for-3004-1-1-0\" ><div\n\t\t\t\n\t\t\tclass=\"so-widget-sow-editor so-widget-sow-editor-base\"\n\t\t\t\n\t\t>\n<div class=\"siteorigin-widget-tinymce textwidget\">\n\t<p><strong>Harjavallan Liikenneopisto<\/strong><br \/>\nHarjavallankatu 7<br \/>\n29200 Harjavalta<br \/>\nPuh. 0500 720 111<br \/>\nAvoinna:<br \/>\nKe\u00a0 10 - 16.30<br \/>\nPuhelinpalvelu ma - pe klo 10 - 16.30<br \/>\nharjavalta(at)opisto.fi<br \/>\n<a href=\"https:\/\/www.opisto.fi\/hinnastot\/qhharjavalta.pdf\">Hinnasto<\/a><br \/>\n<a title=\"Harjavallan Liikenneopisto\" href=\"https:\/\/maps.google.fi\/maps?q=Harjavallankatu+7,+Harjavalta&amp;hl=fi&amp;sll=61.12515,22.135134&amp;sspn=0.007575,0.012381&amp;oq=Harjavallankatu+7&amp;t=h&amp;hnear=Harjavallankatu+7,+29200+Harjavalta&amp;z=16\">Kartta\/Ajo-ohje<\/a><br \/>\n<a href=\"https:\/\/www.opisto.fi\/autokoulu2019\/harjavalta\/?page_id=350\" target=\"_blank\" rel=\"noopener noreferrer\">Ilmoittaudu kurssille<\/a><\/p>\n<p>&nbsp;<\/p>\n<p><strong>Nakkilan Liikenneopisto<\/strong><\/p>\n<p>Toimistopalvelut<br \/>\nPorin Liikenneopistolla<br \/>\nma - to klo 11.00 - 17.00, pe 11.00 - 16.30<\/p>\n<p>Puh. 040 632 7066 (my\u00f6s whatsapp)<br \/>\nliikenne(at)opisto.fi<br \/>\n<a href=\"https:\/\/www.opisto.fi\/autokoulu2019\/nakkila\/?page_id=350\" target=\"_blank\" rel=\"noopener noreferrer\">Ilmoittaudu kurssille<\/a><\/p>\n<\/div>\n<\/div><\/div><\/div><\/div><div id=\"pgc-3004-1-2\"  class=\"panel-grid-cell\" ><div id=\"panel-3004-1-2-0\" class=\"so-panel widget widget_sow-editor panel-first-child panel-last-child\" data-index=\"3\" ><div class=\"panel-widget-style panel-widget-style-for-3004-1-2-0\" ><div\n\t\t\t\n\t\t\tclass=\"so-widget-sow-editor so-widget-sow-editor-base\"\n\t\t\t\n\t\t>\n<div class=\"siteorigin-widget-tinymce textwidget\">\n\t<p><strong>Kokem\u00e4en Liikenneopisto<\/strong><br \/>\nViinikantie 1<br \/>\n32800 Kokem\u00e4ki<br \/>\nPuh. 0500 720 111<br \/>\nAvoinna:<br \/>\nTi ja To 10 - 16.30<br \/>\nkokemaki(at)opisto.fi<br \/>\n<a href=\"https:\/\/www.opisto.fi\/hinnastot\/qhkokemaki.pdf\">Hinnasto<\/a><br \/>\n<a href=\"https:\/\/www.google.fi\/maps\/place\/Viinikantie+1,+32800+Kokem%C3%A4ki\/@61.2575569,22.3391039,17z\/data=!3m1!4b1!4m5!3m4!1s0x468943e745e54b49:0x3c24ac78b349d236!8m2!3d61.2575543!4d22.3412979\">Kartta\/Ajo-ohje<\/a><br \/>\n<a href=\"https:\/\/www.opisto.fi\/autokoulu2019\/kokemaki\/?page_id=350\" target=\"_blank\" rel=\"noopener noreferrer\">Ilmoittaudu kurssille<\/a><\/p>\n<p>&nbsp;<\/p>\n<p><strong>Autokoulu Liikenneopisto Ky<\/strong><br \/>\nliikenne(at)opisto.fi<br \/>\n<a href=\"https:\/\/www.opisto.fi\/\">www.opisto.fi<\/a><\/p>\n<p>Y-0217505-8<br \/>\n<a href=\"https:\/\/www.autokoululiitto.fi\/\">www.autokoululiitto.fi<\/a><br \/>\n<a href=\"https:\/\/www.drivingacademy.fi\/\">www.drivingacademy.fi<\/a><br \/>\n<a href=\"https:\/\/www.smokry.fi\/\">www.smokry.fi<\/a><\/p>\n<\/div>\n<\/div><\/div><\/div><\/div><\/div><div id=\"pg-3004-2\"  class=\"panel-grid panel-no-style\" ><div id=\"pgc-3004-2-0\"  class=\"panel-grid-cell\" ><div id=\"panel-3004-2-0-0\" class=\"so-panel widget widget_sow-editor panel-first-child\" data-index=\"4\" ><div\n\t\t\t\n\t\t\tclass=\"so-widget-sow-editor so-widget-sow-editor-base\"\n\t\t\t\n\t\t>\n<div class=\"siteorigin-widget-tinymce textwidget\">\n\t<p>&nbsp;<\/p>\n<p style=\"text-align: center;\"><a href=\"https:\/\/wa.me\/+358406327066\" class=\"su-button su-button-style-flat\" style=\"color:#FFFFFF;background-color:#01e675;border-color:#01b85e;border-radius:3px\" target=\"_self\"><span style=\"color:#FFFFFF;padding:0px 20px;font-size:16px;line-height:32px;border-color:#4eee9f;border-radius:3px;text-shadow:none\"> <u>Kysymyksi\u00e4? Pist\u00e4 t\u00e4st\u00e4 WhatsAppissa viesti\u00e4<\/u><\/span><\/a><\/p>\n<p style=\"text-align: center;\"><strong><span style=\"color: #000000;\">Verkkolaskutusosoitteemme on OVT: 003735987546<\/span><\/strong><br \/>\n<strong><span style=\"color: #000000;\">Laskuliikenneoperaattorinamme toimii Maventa\u00a0 ja sen v\u00e4litt\u00e4j\u00e4tunnus: 003721291126<\/span><\/strong><\/p>\n<p style=\"text-align: center;\"><span style=\"color: #000000;\">Toimistojen puhelinnumerot vastaanottaa my\u00f6s tekstiviestej\u00e4!<\/span><\/p>\n<\/div>\n<\/div><\/div><div id=\"panel-3004-2-0-1\" class=\"so-panel widget panel-last-child\" data-index=\"5\" ><\/div><\/div><\/div><\/div>","protected":false},"excerpt":{"rendered":"<p>Porin Liikenneopisto Etel\u00e4puisto 13 28100 Pori Puh. 040 632 7066 (my\u00f6s whatsapp) Toimisto avoinna: Ma-To 11.00 &#8211; 17.00 Pe 11.00 &#8211; 16.30 liikenne(at)opisto.fi Kartta\/Ajo-ohje Ilmoittaudu kurssille &nbsp; Euran Liikenneopisto Eurantie 27 27510 Eura Puh. 0500 720 111 Avoinna: Ma ja Pe 10 &#8211; 16.30 eura(at)opisto.fi Hinnasto Kartta\/Ajo-ohje Ilmoittaudu kurssille Harjavallan Liikenneopisto Harjavallankatu 7 29200 Harjavalta [&hellip;]<\/p>\n","protected":false},"author":1,"featured_media":0,"parent":0,"menu_order":0,"comment_status":"closed","ping_status":"closed","template":"","meta":{"_joinchat":[],"footnotes":""},"class_list":["post-3004","page","type-page","status-publish","hentry"],"_links":{"self":[{"href":"https:\/\/www.opisto.fi\/autokoulu2019\/pori\/index.php?rest_route=\/wp\/v2\/pages\/3004","targetHints":{"allow":["GET"]}}],"collection":[{"href":"https:\/\/www.opisto.fi\/autokoulu2019\/pori\/index.php?rest_route=\/wp\/v2\/pages"}],"about":[{"href":"https:\/\/www.opisto.fi\/autokoulu2019\/pori\/index.php?rest_route=\/wp\/v2\/types\/page"}],"author":[{"embeddable":true,"href":"https:\/\/www.opisto.fi\/autokoulu2019\/pori\/index.php?rest_route=\/wp\/v2\/users\/1"}],"replies":[{"embeddable":true,"href":"https:\/\/www.opisto.fi\/autokoulu2019\/pori\/index.php?rest_route=%2Fwp%2Fv2%2Fcomments&post=3004"}],"version-history":[{"count":71,"href":"https:\/\/www.opisto.fi\/autokoulu2019\/pori\/index.php?rest_route=\/wp\/v2\/pages\/3004\/revisions"}],"predecessor-version":[{"id":7129,"href":"https:\/\/www.opisto.fi\/autokoulu2019\/pori\/index.php?rest_route=\/wp\/v2\/pages\/3004\/revisions\/7129"}],"wp:attachment":[{"href":"https:\/\/www.opisto.fi\/autokoulu2019\/pori\/index.php?rest_route=%2Fwp%2Fv2%2Fmedia&parent=3004"}],"curies":[{"name":"wp","href":"https:\/\/api.w.org\/{rel}","templated":true}]}}