{"id":2977,"date":"2018-05-03T20:36:42","date_gmt":"2018-05-03T20:36:42","guid":{"rendered":"http:\/\/www.opisto.fi\/autokoulu2015\/pori\/?page_id=2977"},"modified":"2025-06-02T14:07:33","modified_gmt":"2025-06-02T14:07:33","slug":"hyva-tietaa-2","status":"publish","type":"page","link":"https:\/\/www.opisto.fi\/autokoulu2019\/pori\/?page_id=2977","title":{"rendered":"On hyv\u00e4 tiet\u00e4\u00e4 ett\u00e4"},"content":{"rendered":"<div id=\"pl-2977\"  class=\"panel-layout\" ><div id=\"pg-2977-0\"  class=\"panel-grid panel-no-style\" ><div id=\"pgc-2977-0-0\"  class=\"panel-grid-cell\" ><div id=\"panel-2977-0-0-0\" class=\"so-panel widget widget_media_image panel-first-child panel-last-child\" data-index=\"0\" ><img fetchpriority=\"high\" decoding=\"async\" width=\"1280\" height=\"720\" src=\"https:\/\/www.opisto.fi\/autokoulu2019\/pori\/wp-content\/uploads\/2025\/06\/porsche-8182100_1280.jpg\" class=\"image wp-image-6456  attachment-full size-full\" alt=\"\" style=\"max-width: 100%; height: auto;\" srcset=\"https:\/\/www.opisto.fi\/autokoulu2019\/pori\/wp-content\/uploads\/2025\/06\/porsche-8182100_1280.jpg 1280w, https:\/\/www.opisto.fi\/autokoulu2019\/pori\/wp-content\/uploads\/2025\/06\/porsche-8182100_1280-300x169.jpg 300w, https:\/\/www.opisto.fi\/autokoulu2019\/pori\/wp-content\/uploads\/2025\/06\/porsche-8182100_1280-1024x576.jpg 1024w, https:\/\/www.opisto.fi\/autokoulu2019\/pori\/wp-content\/uploads\/2025\/06\/porsche-8182100_1280-768x432.jpg 768w, https:\/\/www.opisto.fi\/autokoulu2019\/pori\/wp-content\/uploads\/2025\/06\/porsche-8182100_1280-1020x574.jpg 1020w\" sizes=\"(max-width: 1280px) 100vw, 1280px\" \/><\/div><\/div><\/div><div id=\"pg-2977-1\"  class=\"panel-grid panel-no-style\" ><div id=\"pgc-2977-1-0\"  class=\"panel-grid-cell\" ><div id=\"panel-2977-1-0-0\" class=\"so-panel widget widget_sow-editor panel-first-child panel-last-child\" data-index=\"1\" ><div class=\"panel-widget-style panel-widget-style-for-2977-1-0-0\" ><div\n\t\t\t\n\t\t\tclass=\"so-widget-sow-editor so-widget-sow-editor-base\"\n\t\t\t\n\t\t>\n<div class=\"siteorigin-widget-tinymce textwidget\">\n\t<div class=\"su-service\"><div class=\"su-service-title\" style=\"padding-left:40px;min-height:26px;line-height:26px\"><i class=\"sui sui-check-square-o\" style=\"font-size:26px;color:#027b0e\"><\/i> Autokoulussa alan ammatilaiset opettavat sinua ajamaan<\/div><div class=\"su-service-content su-u-clearfix su-u-trim\" style=\"padding-left:40px\">Ajo-opetus aloitetaan suljetulla alueella tapahtuvalla k\u00e4sittelyopetuksella, huomioiden jokaisen aikaisemmat tiedot ja taidot. K\u00e4sittelyopetuksesta siirryt\u00e4\u00e4n j\u00e4rjestelm\u00e4llisesti kohti kuljettajatutkintoa.<\/div><\/div>\n<div class=\"su-service\"><div class=\"su-service-title\" style=\"padding-left:40px;min-height:26px;line-height:26px\"><i class=\"sui sui-check-square-o\" style=\"font-size:26px;color:#027b0e\"><\/i> Valitse itsellesi sopiva kurssipaketti ja paras tapa oppia<\/div><div class=\"su-service-content su-u-clearfix su-u-trim\" style=\"padding-left:40px\"><\/div><\/div>\n<div class=\"su-service\"><div class=\"su-service-title\" style=\"padding-left:40px;min-height:26px;line-height:26px\"><i class=\"sui sui-check-square-o\" style=\"font-size:26px;color:#027b0e\"><\/i> J\u00e4rjestyksess\u00e4 kehityt nopeiten<\/div><div class=\"su-service-content su-u-clearfix su-u-trim\" style=\"padding-left:40px\">Opetuksen tehostamiseksi oppitunnit ja ajo-opetus seuraavat toisiaan koko kurssin ajan.<\/div><\/div>\n<div class=\"su-service\"><div class=\"su-service-title\" style=\"padding-left:40px;min-height:26px;line-height:26px\"><i class=\"sui sui-check-square-o\" style=\"font-size:26px;color:#027b0e\"><\/i> Meill\u00e4 saat tarvitsemasi avun yksil\u00f6lliseen opetukseen<\/div><div class=\"su-service-content su-u-clearfix su-u-trim\" style=\"padding-left:40px\">Meill\u00e4 palvellaan sinua edelleen henkil\u00f6kohtaisesti.<\/div><\/div>\n<\/div>\n<\/div><\/div><\/div><\/div><div id=\"pgc-2977-1-1\"  class=\"panel-grid-cell\" ><div id=\"panel-2977-1-1-0\" class=\"so-panel widget widget_sow-editor panel-first-child panel-last-child\" data-index=\"2\" ><div class=\"panel-widget-style panel-widget-style-for-2977-1-1-0\" ><div\n\t\t\t\n\t\t\tclass=\"so-widget-sow-editor so-widget-sow-editor-base\"\n\t\t\t\n\t\t>\n<div class=\"siteorigin-widget-tinymce textwidget\">\n\t<div class=\"su-youtube su-u-responsive-media-yes\"><iframe width=\"600\" height=\"400\" src=\"https:\/\/www.youtube.com\/embed\/KlnNYZreOU0?\" frameborder=\"0\" allowfullscreen allow=\"autoplay; encrypted-media; picture-in-picture\" title=\"\"><\/iframe><\/div>\n<\/div>\n<\/div><\/div><\/div><\/div><\/div><div id=\"pg-2977-2\"  class=\"panel-grid panel-no-style\" ><div id=\"pgc-2977-2-0\"  class=\"panel-grid-cell\" ><div id=\"panel-2977-2-0-0\" class=\"so-panel widget widget_sow-editor panel-first-child\" data-index=\"3\" ><div\n\t\t\t\n\t\t\tclass=\"so-widget-sow-editor so-widget-sow-editor-base\"\n\t\t\t\n\t\t>\n<div class=\"siteorigin-widget-tinymce textwidget\">\n\t<h1 class=\"entry-title\">Yhteisty\u00f6ss\u00e4<\/h1>\n<\/div>\n<\/div><\/div><div id=\"panel-2977-2-0-1\" class=\"so-panel widget widget_sow-editor panel-last-child\" data-index=\"4\" ><div class=\"panel-widget-style panel-widget-style-for-2977-2-0-1\" ><div\n\t\t\t\n\t\t\tclass=\"so-widget-sow-editor so-widget-sow-editor-base\"\n\t\t\t\n\t\t>\n<div class=\"siteorigin-widget-tinymce textwidget\">\n\t<div class=\"su-service\"><div class=\"su-service-title\" style=\"padding-left:40px;min-height:26px;line-height:26px\"><i class=\"sui sui-check-square-o\" style=\"font-size:26px;color:#027b0e\"><\/i> Driving Academy<\/div><div class=\"su-service-content su-u-clearfix su-u-trim\" style=\"padding-left:40px\">Taloudellinen ajotapa ja ekologinen auton k\u00e4ytt\u00f6 ovat keskeisi\u00e4 asioita Driving Academy -autokoulujen opetuksessa. Taloudellinen ajotapa n\u00e4kyy selke\u00e4n\u00e4 s\u00e4\u00e4st\u00f6n\u00e4 kuljettajan kukkarossa. Ekologisella auton k\u00e4yt\u00f6ll\u00e4 on suuri merkitys sek\u00e4 ymp\u00e4rist\u00f6n ett\u00e4 ihmisten hyvinvoinnille. Kun yh\u00e4 useampi kuljettaja kiinnitt\u00e4\u00e4 ymp\u00e4rist\u00f6asioihin huomiota, tuloksia syntyy. Laatu- ja ymp\u00e4rist\u00f6j\u00e4rjestelm\u00e4n autokouluissa opit taloudellisen ajamisen taidot heti alusta pit\u00e4en sek\u00e4 saat hyvi\u00e4 vinkkej\u00e4 ekologiseen auton k\u00e4ytt\u00f6\u00f6n. Kulutusmittarin avulla voit itse seurata ajamisesi taloudellisuutta ajotunneilla. My\u00f6s kouluautojen polttoaineen kulutusta seurataan ja tilastoidaan jatkuvasti. Suomalaisille autokouluille kehitettiin ymp\u00e4rist\u00f6j\u00e4rjestelm\u00e4 vuonna 2001. ISO 14001- sertifikaatin sille my\u00f6nsi SFS-Inspecta Sertifiointi Oy.<\/div><\/div>\n<div class=\"su-service\"><div class=\"su-service-title\" style=\"padding-left:40px;min-height:26px;line-height:26px\"><i class=\"sui sui-check-square-o\" style=\"font-size:26px;color:#027b0e\"><\/i> SMOK ry<\/div><div class=\"su-service-content su-u-clearfix su-u-trim\" style=\"padding-left:40px\">Tavoitteena on moottoripy\u00f6r\u00e4koulutuksen edist\u00e4minen sek\u00e4 moottoripy\u00f6r\u00e4opettajien ammattitaidon ja kouluttajavalmiuksien kehitt\u00e4minen. SMOKin j\u00e4rjest\u00e4m\u00e4t opinto- ja tutustumismatkat ovat l\u00e4hinn\u00e4 j\u00e4senist\u00f6lle tarkoitettuja, mutta koulutustilaisuuksia j\u00e4rjestet\u00e4\u00e4n tarvittaessa muillekin tahoille.<\/div><\/div>\n<div class=\"su-service\"><div class=\"su-service-title\" style=\"padding-left:40px;min-height:26px;line-height:26px\"><i class=\"sui sui-check-square-o\" style=\"font-size:26px;color:#027b0e\"><\/i> Suomen Autokoululiitto r.y. (SAKL)<\/div><div class=\"su-service-content su-u-clearfix su-u-trim\" style=\"padding-left:40px\">On suomalaisten autokouluyritt\u00e4jien toimialaj\u00e4rjest\u00f6, jonka p\u00e4\u00e4teht\u00e4vi\u00e4 ovat liikenneturvallisuuden ja -kasvatuksen edist\u00e4minen, autokoulujen koulutuspalveluiden ja ammattitaidon kehitt\u00e4minen sek\u00e4 kansainv\u00e4linen yhteystoiminta.<\/div><\/div>\n<div class=\"su-service\"><div class=\"su-service-title\" style=\"padding-left:40px;min-height:26px;line-height:26px\"><i class=\"sui sui-check-square-o\" style=\"font-size:26px;color:#027b0e\"><\/i> MoTo Survival Finland ry<\/div><div class=\"su-service-content su-u-clearfix su-u-trim\" style=\"padding-left:40px\">Tarkoituksena on tuottaa koulutusta sit\u00e4 tarvitseville sek\u00e4 toimia yhteisty\u00f6ss\u00e4 muiden koulutusta j\u00e4rjest\u00e4vien tahojen kanssa. Yhdistys pyrkii kansainv\u00e4lisesti kohottamaan moottoripy\u00f6r\u00e4ilyharrastuksen arvostusta ja edist\u00e4m\u00e4\u00e4n moottoripy\u00f6r\u00e4ilylle my\u00f6nteist\u00e4 liikennekulttuuria, sek\u00e4 j\u00e4senist\u00f6n harrastusmahdollisuuksia.<\/div><\/div>\n<\/div>\n<\/div><\/div><\/div><\/div><\/div><\/div>","protected":false},"excerpt":{"rendered":"<p>Autokoulussa alan ammatilaiset opettavat sinua ajamaanAjo-opetus aloitetaan suljetulla alueella tapahtuvalla k\u00e4sittelyopetuksella, huomioiden jokaisen aikaisemmat tiedot ja taidot. K\u00e4sittelyopetuksesta siirryt\u00e4\u00e4n j\u00e4rjestelm\u00e4llisesti kohti kuljettajatutkintoa. Valitse itsellesi sopiva kurssipaketti ja paras tapa oppia J\u00e4rjestyksess\u00e4 kehityt nopeitenOpetuksen tehostamiseksi oppitunnit ja ajo-opetus seuraavat toisiaan koko kurssin ajan. Meill\u00e4 saat tarvitsemasi avun yksil\u00f6lliseen opetukseenMeill\u00e4 palvellaan sinua edelleen henkil\u00f6kohtaisesti. Yhteisty\u00f6ss\u00e4 Driving AcademyTaloudellinen [&hellip;]<\/p>\n","protected":false},"author":1,"featured_media":0,"parent":0,"menu_order":0,"comment_status":"closed","ping_status":"closed","template":"","meta":{"_joinchat":[],"footnotes":""},"class_list":["post-2977","page","type-page","status-publish","hentry"],"_links":{"self":[{"href":"https:\/\/www.opisto.fi\/autokoulu2019\/pori\/index.php?rest_route=\/wp\/v2\/pages\/2977","targetHints":{"allow":["GET"]}}],"collection":[{"href":"https:\/\/www.opisto.fi\/autokoulu2019\/pori\/index.php?rest_route=\/wp\/v2\/pages"}],"about":[{"href":"https:\/\/www.opisto.fi\/autokoulu2019\/pori\/index.php?rest_route=\/wp\/v2\/types\/page"}],"author":[{"embeddable":true,"href":"https:\/\/www.opisto.fi\/autokoulu2019\/pori\/index.php?rest_route=\/wp\/v2\/users\/1"}],"replies":[{"embeddable":true,"href":"https:\/\/www.opisto.fi\/autokoulu2019\/pori\/index.php?rest_route=%2Fwp%2Fv2%2Fcomments&post=2977"}],"version-history":[{"count":22,"href":"https:\/\/www.opisto.fi\/autokoulu2019\/pori\/index.php?rest_route=\/wp\/v2\/pages\/2977\/revisions"}],"predecessor-version":[{"id":6457,"href":"https:\/\/www.opisto.fi\/autokoulu2019\/pori\/index.php?rest_route=\/wp\/v2\/pages\/2977\/revisions\/6457"}],"wp:attachment":[{"href":"https:\/\/www.opisto.fi\/autokoulu2019\/pori\/index.php?rest_route=%2Fwp%2Fv2%2Fmedia&parent=2977"}],"curies":[{"name":"wp","href":"https:\/\/api.w.org\/{rel}","templated":true}]}}