{"id":17,"date":"2012-04-02T17:21:03","date_gmt":"2012-04-02T14:21:03","guid":{"rendered":"http:\/\/www.opisto.fi\/drivingschool\/?page_id=17"},"modified":"2018-05-03T09:28:12","modified_gmt":"2018-05-03T09:28:12","slug":"henkilokunta","status":"publish","type":"page","link":"https:\/\/www.opisto.fi\/autokoulu2019\/pori\/?page_id=17","title":{"rendered":"Henkil\u00f6kunta"},"content":{"rendered":"[vc_row][vc_column width=&#8221;1\/2&#8243;][rev_slider_vc alias=&#8221;slider6&#8243;][vc_column_text]\n<h3><strong>Meill\u00e4 on aivan parhaat opettajat&#8230;<\/strong><\/h3>\n<p>Hyv\u00e4 henkil\u00f6kemia, vankka kokemus, yhdistettyn\u00e4 rentoon, huumorilla h\u00f6ystettyyn ilmapiiriin takaavat parhaat l\u00e4ht\u00f6kohdat aloittaa, mopolla, mopoautolla, moottoripy\u00f6r\u00e4ll\u00e4, autolla, yhdistelm\u00e4ll\u00e4 tai vaikka kuorma-autolla ajamisen.[\/vc_column_text][vc_column_text]\n<h3><strong>Ajo-oppia Saharan \u00e4\u00e4rioloista<\/strong><\/h3>\n[\/vc_column_text][vc_single_image image=&#8221;2147&#8243; style=&#8221;vc_box_shadow_3d&#8221; border_color=&#8221;grey&#8221; img_link_large=&#8221;&#8221; img_link_target=&#8221;_self&#8221; img_size=&#8221;large&#8221;][\/vc_column][vc_column width=&#8221;1\/2&#8243;][rev_slider_vc alias=&#8221;slider8&#8243;][vc_column_text]\n<h3><strong>Ja h\u00e4ik\u00e4isev\u00e4n mukavat sihteerit<\/strong><\/h3>\n<p>Kun tarvitset toimistopalveluita, ajoa pit\u00e4\u00e4kin nopeasti siirt\u00e4\u00e4 tai haluat kysy\u00e4 miten siin\u00e4 keskustan risteyksess\u00e4 oikein kuuluu ajaa niin tule k\u00e4ym\u00e4\u00e4n. Tiedot saat meilt\u00e4 puhelimella, s\u00e4hk\u00f6postilla tai tulemalla k\u00e4ym\u00e4\u00e4n l\u00e4himm\u00e4ll\u00e4 Liikenneopiston toimistolla.<\/p>\n<h3><strong>Kehitet\u00e4\u00e4n heikkouksia ja vahvistetaan vahvuuksia.<\/strong><\/h3>\n<p>Jokainen oppilas on taidoiltaan erilainen, siksi haluammekin panostaa opetuksessa yksil\u00f6lliseen opetukseen. Annamme ajo-opetusta, joka joustaa taitojen mukaan eri tilanteissa. Kunnon opetus antaa turvallisen ja ekologisen ajamisen taidon koko el\u00e4m\u00e4\u00e4 varten.<\/p>\n<p>Moottoripy\u00f6r\u00e4kouluttaja Seppo Tuumi toimii\u00a0Liikenneopiston lis\u00e4ksi my\u00f6s SMOK:in moottoripy\u00f6r\u00e4kouluttajana. Suomen Moottoripy\u00f6r\u00e4kouluttajat (SMOK) on valinnut h\u00e4net <strong>Vuoden moottoripy\u00f6r\u00e4kouluttajaksi jo vuonna 2007<\/strong>.<\/p>\n<p>&#8211; Varusteiden sek\u00e4 kaluston\u00a0 kehittyess\u00e4 on t\u00e4rke\u00e4\u00e4 saada uusinta tietoa ja p\u00e4\u00e4st\u00e4 sit\u00e4 my\u00f6s k\u00e4yt\u00e4nn\u00f6ss\u00e4 kokeilemaan. Useasti turvalliselle harjoitteluradalle mutta joskus jopa \u00e4\u00e4riolosuhteisiin kuumalle aavikolle tai liukkaalle j\u00e4\u00e4lle. Saadut kokemukset voidaan jakaa opetuksessa, kertoo Porin Liikenneopiston moottoripy\u00f6r\u00e4kouluttaja Seppo Tuumi.[\/vc_column_text][\/vc_column][\/vc_row]\n","protected":false},"excerpt":{"rendered":"<p>[vc_row][vc_column width=&#8221;1\/2&#8243;][rev_slider_vc alias=&#8221;slider6&#8243;][vc_column_text] Meill\u00e4 on aivan parhaat opettajat&#8230; Hyv\u00e4 henkil\u00f6kemia, vankka kokemus, yhdistettyn\u00e4 rentoon, huumorilla h\u00f6ystettyyn ilmapiiriin takaavat parhaat l\u00e4ht\u00f6kohdat aloittaa, mopolla, mopoautolla, moottoripy\u00f6r\u00e4ll\u00e4, autolla, yhdistelm\u00e4ll\u00e4 tai vaikka kuorma-autolla ajamisen.[\/vc_column_text][vc_column_text] Ajo-oppia Saharan \u00e4\u00e4rioloista [\/vc_column_text][vc_single_image image=&#8221;2147&#8243; style=&#8221;vc_box_shadow_3d&#8221; border_color=&#8221;grey&#8221; img_link_large=&#8221;&#8221; img_link_target=&#8221;_self&#8221; img_size=&#8221;large&#8221;][\/vc_column][vc_column width=&#8221;1\/2&#8243;][rev_slider_vc alias=&#8221;slider8&#8243;][vc_column_text] Ja h\u00e4ik\u00e4isev\u00e4n mukavat sihteerit Kun tarvitset toimistopalveluita, ajoa pit\u00e4\u00e4kin nopeasti siirt\u00e4\u00e4 tai haluat [&hellip;]<\/p>\n","protected":false},"author":1,"featured_media":0,"parent":0,"menu_order":0,"comment_status":"closed","ping_status":"closed","template":"","meta":{"_joinchat":[],"footnotes":""},"class_list":["post-17","page","type-page","status-publish","hentry"],"_links":{"self":[{"href":"https:\/\/www.opisto.fi\/autokoulu2019\/pori\/index.php?rest_route=\/wp\/v2\/pages\/17","targetHints":{"allow":["GET"]}}],"collection":[{"href":"https:\/\/www.opisto.fi\/autokoulu2019\/pori\/index.php?rest_route=\/wp\/v2\/pages"}],"about":[{"href":"https:\/\/www.opisto.fi\/autokoulu2019\/pori\/index.php?rest_route=\/wp\/v2\/types\/page"}],"author":[{"embeddable":true,"href":"https:\/\/www.opisto.fi\/autokoulu2019\/pori\/index.php?rest_route=\/wp\/v2\/users\/1"}],"replies":[{"embeddable":true,"href":"https:\/\/www.opisto.fi\/autokoulu2019\/pori\/index.php?rest_route=%2Fwp%2Fv2%2Fcomments&post=17"}],"version-history":[{"count":10,"href":"https:\/\/www.opisto.fi\/autokoulu2019\/pori\/index.php?rest_route=\/wp\/v2\/pages\/17\/revisions"}],"predecessor-version":[{"id":2832,"href":"https:\/\/www.opisto.fi\/autokoulu2019\/pori\/index.php?rest_route=\/wp\/v2\/pages\/17\/revisions\/2832"}],"wp:attachment":[{"href":"https:\/\/www.opisto.fi\/autokoulu2019\/pori\/index.php?rest_route=%2Fwp%2Fv2%2Fmedia&parent=17"}],"curies":[{"name":"wp","href":"https:\/\/api.w.org\/{rel}","templated":true}]}}