{"id":13,"date":"2012-04-02T15:08:09","date_gmt":"2012-04-02T12:08:09","guid":{"rendered":"http:\/\/www.opisto.fi\/drivingschool\/?page_id=13"},"modified":"2018-05-03T09:28:54","modified_gmt":"2018-05-03T09:28:54","slug":"kalusto","status":"publish","type":"page","link":"https:\/\/www.opisto.fi\/autokoulu2019\/pori\/?page_id=13","title":{"rendered":"Vain parasta kalustoa k\u00e4yt\u00f6ss\u00e4"},"content":{"rendered":"[vc_row][vc_column width=&#8221;1\/1&#8243;][vc_single_image image=&#8221;2842&#8243; style=&#8221;vc_box_shadow_3d&#8221; border_color=&#8221;grey&#8221; img_link_large=&#8221;&#8221; img_link_target=&#8221;_self&#8221; img_size=&#8221;large&#8221;][vc_column_text]<div class=\"su-service\"><div class=\"su-service-title\" style=\"padding-left:40px;min-height:26px;line-height:26px\"><i class=\"sui sui-thumbs-o-up\" style=\"font-size:26px;color:#3e3537\"><\/i> Uutta kalustoa<\/div><div class=\"su-service-content su-u-clearfix su-u-trim\" style=\"padding-left:40px\">Koulutamme tiimi\u00e4mme ja\u00a0uudistamme\u00a0kalustoa ahkerasti. Kokeneet ja rennot opettajamme pystyv\u00e4t tarjoamaan sinulle korkeatasoista sek\u00e4 tehokasta opetusta <strong>parhaalla mahdollisella kalustolla<\/strong>.<\/div><\/div>[\/vc_column_text][vc_column_text]<div class=\"su-service\"><div class=\"su-service-title\" style=\"padding-left:40px;min-height:26px;line-height:26px\"><i class=\"sui sui-car\" style=\"font-size:26px;color:#3e3537\"><\/i> Pime\u00e4ll\u00e4 ajo simulaattorilla<\/div><div class=\"su-service-content su-u-clearfix su-u-trim\" style=\"padding-left:40px\">\n<p>K\u00e4yt\u00f6ss\u00e4mme on virallisesti hyv\u00e4ksyttyj\u00e4, <strong>ajo-opetukseen rakennettuja ajosimulaattoreita<\/strong>.<\/p>\n<p>Mitenk\u00e4\u00e4n muuten ei ole mahdollista <strong>testata reagointia ja suoriutumista turvallisesti<\/strong> esimerkiksi tilanteessa, jossa hirvi hypp\u00e4\u00e4 tielle. Tai lumisateessa j\u00e4isell\u00e4 tiell\u00e4 yll\u00e4tt\u00e4vien esteiden ohittamista tai v\u00e4ist\u00e4mist\u00e4.<\/p>\n<p>Ehdottomasti kannattaa tulla tutustumaan simulaattoriimme ja suorittaa esimerkiksi\u00a0pime\u00e4n ajon kurssi vaivattomasti. Voit my\u00f6s harjoitella vaarallisten tilanteiden kohtaamista liikenteess\u00e4 t\u00e4ysin turvallisesti.<\/p>\n<\/div><\/div>[\/vc_column_text][\/vc_column][\/vc_row][vc_row][vc_column width=&#8221;1\/2&#8243;][vc_single_image image=&#8221;2836&#8243; style=&#8221;vc_box_shadow_3d&#8221; border_color=&#8221;grey&#8221; img_link_large=&#8221;&#8221; img_link_target=&#8221;_self&#8221; img_size=&#8221;large&#8221;][vc_column_text][\/vc_column_text][vc_column_text]<strong>Moottoripy\u00f6r\u00e4t:<\/strong><br \/>\nKTM 125 Duke, Husqvarna 125, Yamaha MT-07 ja Kawasaki ER6<\/p>\n<p><strong>Mopot:<\/strong><\/p>\n<p>Honda NS Repsol, Beta RR ja Tomos Racing<\/p>\n<p><strong>Autot:<\/strong><br \/>\nSeat, \u00a0Audi, MB Sprinter 419<\/p>\n<p><span style=\"color: #000000;\"><strong>Meill\u00e4 my\u00f6s mahdollisuus ajaa henkil\u00f6auton ajotunnit automaattivaihteisella autolla!<\/strong><\/span><\/p>\n<p><strong>Ajosimulaattorit<\/strong> Porissa, Eurassa ja Kokem\u00e4ell\u00e4<br \/>\n<!--[gallery link=\"file\" columns=\"4\" ids=\"1555,1560,1559,1558,1563\"]\n\n-->[\/vc_column_text][vc_single_image image=&#8221;2020&#8243; border_color=&#8221;grey&#8221; img_link_large=&#8221;&#8221; img_link_target=&#8221;_self&#8221; img_size=&#8221;large&#8221; style=&#8221;vc_box_shadow_3d&#8221;][\/vc_column][vc_column width=&#8221;1\/2&#8243;][vc_single_image image=&#8221;2837&#8243; style=&#8221;vc_box_shadow_3d&#8221; border_color=&#8221;grey&#8221; img_link_large=&#8221;&#8221; img_link_target=&#8221;_self&#8221; img_size=&#8221;large&#8221;][vc_single_image image=&#8221;2660&#8243; style=&#8221;vc_box_shadow_3d&#8221; border_color=&#8221;grey&#8221; img_link_large=&#8221;&#8221; img_link_target=&#8221;_self&#8221; img_size=&#8221;large&#8221;][vc_column_text][\/vc_column_text][\/vc_column][\/vc_row]\n","protected":false},"excerpt":{"rendered":"<p>[vc_row][vc_column width=&#8221;1\/1&#8243;][vc_single_image image=&#8221;2842&#8243; style=&#8221;vc_box_shadow_3d&#8221; border_color=&#8221;grey&#8221; img_link_large=&#8221;&#8221; img_link_target=&#8221;_self&#8221; img_size=&#8221;large&#8221;][vc_column_text][\/vc_column_text][vc_column_text][\/vc_column_text][\/vc_column][\/vc_row][vc_row][vc_column width=&#8221;1\/2&#8243;][vc_single_image image=&#8221;2836&#8243; style=&#8221;vc_box_shadow_3d&#8221; border_color=&#8221;grey&#8221; img_link_large=&#8221;&#8221; img_link_target=&#8221;_self&#8221; img_size=&#8221;large&#8221;][vc_column_text][\/vc_column_text][vc_column_text]Moottoripy\u00f6r\u00e4t: KTM 125 Duke, Husqvarna 125, Yamaha MT-07 ja Kawasaki ER6 Mopot: Honda NS Repsol, Beta RR ja Tomos Racing Autot: Seat, \u00a0Audi, MB Sprinter 419 Meill\u00e4 my\u00f6s mahdollisuus ajaa henkil\u00f6auton ajotunnit automaattivaihteisella autolla! Ajosimulaattorit Porissa, Eurassa ja Kokem\u00e4ell\u00e4 [\/vc_column_text][vc_single_image image=&#8221;2020&#8243; [&hellip;]<\/p>\n","protected":false},"author":1,"featured_media":0,"parent":0,"menu_order":0,"comment_status":"closed","ping_status":"closed","template":"","meta":{"_joinchat":[],"footnotes":""},"class_list":["post-13","page","type-page","status-publish","hentry"],"_links":{"self":[{"href":"https:\/\/www.opisto.fi\/autokoulu2019\/pori\/index.php?rest_route=\/wp\/v2\/pages\/13","targetHints":{"allow":["GET"]}}],"collection":[{"href":"https:\/\/www.opisto.fi\/autokoulu2019\/pori\/index.php?rest_route=\/wp\/v2\/pages"}],"about":[{"href":"https:\/\/www.opisto.fi\/autokoulu2019\/pori\/index.php?rest_route=\/wp\/v2\/types\/page"}],"author":[{"embeddable":true,"href":"https:\/\/www.opisto.fi\/autokoulu2019\/pori\/index.php?rest_route=\/wp\/v2\/users\/1"}],"replies":[{"embeddable":true,"href":"https:\/\/www.opisto.fi\/autokoulu2019\/pori\/index.php?rest_route=%2Fwp%2Fv2%2Fcomments&post=13"}],"version-history":[{"count":25,"href":"https:\/\/www.opisto.fi\/autokoulu2019\/pori\/index.php?rest_route=\/wp\/v2\/pages\/13\/revisions"}],"predecessor-version":[{"id":2843,"href":"https:\/\/www.opisto.fi\/autokoulu2019\/pori\/index.php?rest_route=\/wp\/v2\/pages\/13\/revisions\/2843"}],"wp:attachment":[{"href":"https:\/\/www.opisto.fi\/autokoulu2019\/pori\/index.php?rest_route=%2Fwp%2Fv2%2Fmedia&parent=13"}],"curies":[{"name":"wp","href":"https:\/\/api.w.org\/{rel}","templated":true}]}}