{"id":350,"date":"2012-04-17T01:25:40","date_gmt":"2012-04-16T22:25:40","guid":{"rendered":"http:\/\/www.opisto.fi\/drivingschool\/?page_id=350"},"modified":"2012-04-17T01:25:40","modified_gmt":"2012-04-16T22:25:40","slug":"ilmoittaudu-kurssille","status":"publish","type":"page","link":"https:\/\/www.opisto.fi\/autokoulu2019\/pori\/?page_id=350","title":{"rendered":"Ilmoittaudu kurssille"},"content":{"rendered":"<p>Ilmoittautuminen ja alkavat kurssit l\u00f6yd\u00e4 <strong><a href=\"https:\/\/www.kuljettajaopetus.fi\/opisto\" target=\"_blank\">t\u00e4\u00e4lt\u00e4.<\/a><\/strong><\/p>\n<p>Voit my\u00f6s ilmoittaudu kurssille soittamalla tai k\u00e4ym\u00e4ll\u00e4 l\u00e4himm\u00e4ll\u00e4 Liikenneopiston toimistolla.<\/p>\n<p>Katso toimistojen <a title=\"Yhteystiedot\" href=\"http:\/\/www.opisto.fi\/autokoulu2014\/yhteystiedot\/\">yhteystiedot<\/a><\/p>\n","protected":false},"excerpt":{"rendered":"<p>Ilmoittautuminen ja alkavat kurssit l\u00f6yd\u00e4 t\u00e4\u00e4lt\u00e4. Voit my\u00f6s ilmoittaudu kurssille soittamalla tai k\u00e4ym\u00e4ll\u00e4 l\u00e4himm\u00e4ll\u00e4 Liikenneopiston toimistolla. Katso toimistojen yhteystiedot<\/p>\n","protected":false},"author":1,"featured_media":0,"parent":0,"menu_order":0,"comment_status":"closed","ping_status":"closed","template":"","meta":{"_joinchat":[],"footnotes":""},"class_list":["post-350","page","type-page","status-publish","hentry"],"_links":{"self":[{"href":"https:\/\/www.opisto.fi\/autokoulu2019\/pori\/index.php?rest_route=\/wp\/v2\/pages\/350","targetHints":{"allow":["GET"]}}],"collection":[{"href":"https:\/\/www.opisto.fi\/autokoulu2019\/pori\/index.php?rest_route=\/wp\/v2\/pages"}],"about":[{"href":"https:\/\/www.opisto.fi\/autokoulu2019\/pori\/index.php?rest_route=\/wp\/v2\/types\/page"}],"author":[{"embeddable":true,"href":"https:\/\/www.opisto.fi\/autokoulu2019\/pori\/index.php?rest_route=\/wp\/v2\/users\/1"}],"replies":[{"embeddable":true,"href":"https:\/\/www.opisto.fi\/autokoulu2019\/pori\/index.php?rest_route=%2Fwp%2Fv2%2Fcomments&post=350"}],"version-history":[{"count":0,"href":"https:\/\/www.opisto.fi\/autokoulu2019\/pori\/index.php?rest_route=\/wp\/v2\/pages\/350\/revisions"}],"wp:attachment":[{"href":"https:\/\/www.opisto.fi\/autokoulu2019\/pori\/index.php?rest_route=%2Fwp%2Fv2%2Fmedia&parent=350"}],"curies":[{"name":"wp","href":"https:\/\/api.w.org\/{rel}","templated":true}]}}