{"id":3816,"date":"2026-03-20T09:50:23","date_gmt":"2026-03-20T09:50:23","guid":{"rendered":"https:\/\/www.opisto.fi\/autokoulu2019\/maakunta\/?page_id=3816"},"modified":"2026-04-20T08:49:24","modified_gmt":"2026-04-20T08:49:24","slug":"eas-ja-riskikurssi-opetuslupalaisille","status":"publish","type":"page","link":"https:\/\/www.opisto.fi\/autokoulu2019\/maakunta\/?page_id=3816","title":{"rendered":"EAS- ja Riskikurssi opetuslupalaisille"},"content":{"rendered":"\t\t<div data-elementor-type=\"wp-page\" data-elementor-id=\"3816\" class=\"elementor elementor-3816\">\n\t\t\t\t<div class=\"elementor-element elementor-element-9278b42 e-flex e-con-boxed e-con e-parent\" data-id=\"9278b42\" data-element_type=\"container\" data-e-type=\"container\">\n\t\t\t\t\t<div class=\"e-con-inner\">\n\t\t\t\t<div class=\"elementor-element elementor-element-5728595 elementor-widget elementor-widget-spacer\" data-id=\"5728595\" data-element_type=\"widget\" data-e-type=\"widget\" data-widget_type=\"spacer.default\">\n\t\t\t\t\t\t\t<div class=\"elementor-spacer\">\n\t\t\t<div class=\"elementor-spacer-inner\"><\/div>\n\t\t<\/div>\n\t\t\t\t\t\t<\/div>\n\t\t\t\t<div class=\"elementor-element elementor-element-e7fb543 elementor-widget elementor-widget-heading\" data-id=\"e7fb543\" data-element_type=\"widget\" data-e-type=\"widget\" data-widget_type=\"heading.default\">\n\t\t\t\t\t<h1 class=\"elementor-heading-title elementor-size-default\">Opetuslupalaiset<\/h1>\t\t\t\t<\/div>\n\t\t\t\t<div class=\"elementor-element elementor-element-daff888 elementor-widget elementor-widget-text-editor\" data-id=\"daff888\" data-element_type=\"widget\" data-e-type=\"widget\" data-widget_type=\"text-editor.default\">\n\t\t\t\t\t\t\t\t\t<p><em>Toimistollamme saat palvelua ja sinua neuvotaan henkil\u00f6kohtaisesti kurssin jokaisessa vaiheessa &#8211; et siis j\u00e4\u00e4 yksin kurssisuoritusten kanssa!<\/em><\/p><div><em>Voit maksaa kurssimaksut eriss\u00e4, kysy lis\u00e4\u00e4<\/em>.<\/div><p><a href=\"https:\/\/www.opisto.fi\/ilmo\"><u>Ilmoittaudu kurssille<\/u><\/a>\u00a0netin kautta, soittamalla tai tule k\u00e4ym\u00e4\u00e4n toimistollamme niin saat lis\u00e4\u00e4 infoa!<\/p><p>Palveluja nyt my\u00f6s opetuslupaoppilaille ja heid\u00e4n opettajilleen.<br \/>Riskikurssi on suoritettava ennen ajokoetta!\u00a0<\/p>\t\t\t\t\t\t\t\t<\/div>\n\t\t\t\t\t<\/div>\n\t\t\t\t<\/div>\n\t\t<div class=\"elementor-element elementor-element-f47de0e e-flex e-con-boxed e-con e-parent\" data-id=\"f47de0e\" data-element_type=\"container\" data-e-type=\"container\">\n\t\t\t\t\t<div class=\"e-con-inner\">\n\t\t<div class=\"elementor-element elementor-element-0521bd1 e-con-full e-flex e-con e-child\" data-id=\"0521bd1\" data-element_type=\"container\" data-e-type=\"container\" data-settings=\"{&quot;background_background&quot;:&quot;classic&quot;}\">\n\t\t\t\t<div class=\"elementor-element elementor-element-755042c elementor-widget elementor-widget-heading\" data-id=\"755042c\" data-element_type=\"widget\" data-e-type=\"widget\" data-widget_type=\"heading.default\">\n\t\t\t\t\t<h1 class=\"elementor-heading-title elementor-size-default\">Riskikurssi 1 - 260\u20ac<\/h1>\t\t\t\t<\/div>\n\t\t\t\t<div class=\"elementor-element elementor-element-11628ac elementor-widget elementor-widget-text-editor\" data-id=\"11628ac\" data-element_type=\"widget\" data-e-type=\"widget\" data-widget_type=\"text-editor.default\">\n\t\t\t\t\t\t\t\t\t<p>\u00a0<\/p><p style=\"text-align: left;\"><strong>Sis\u00e4lt\u00e4\u00e4:<\/strong><\/p><ul><li style=\"text-align: left;\">4 h RTK-teoriaa<\/li><li style=\"text-align: left;\">1 h liukkaan kelin harjoitus simulaattorilla<\/li><li style=\"text-align: left;\">1h maantieajoa simulaattorilla<\/li><li style=\"text-align: left;\">1h pime\u00e4n ajo simulaattorilla<\/li><li style=\"text-align: left;\">1h taajama-ajo oikealla autolla opettajan kanssa<\/li><li style=\"text-align: left;\">Riskitodistus (sovi autokoulun kanssa nouto\/toimitus)<\/li><\/ul>\t\t\t\t\t\t\t\t<\/div>\n\t\t\t\t<div class=\"elementor-element elementor-element-c6146d6 elementor-widget elementor-widget-button\" data-id=\"c6146d6\" data-element_type=\"widget\" data-e-type=\"widget\" data-widget_type=\"button.default\">\n\t\t\t\t\t\t\t\t\t\t<a class=\"elementor-button elementor-button-link elementor-size-sm\" href=\"https:\/\/opisto.fi\/ilmo\">\n\t\t\t\t\t\t<span class=\"elementor-button-content-wrapper\">\n\t\t\t\t\t\t\t\t\t<span class=\"elementor-button-text\">Ilmoittaudu t\u00e4st\u00e4<\/span>\n\t\t\t\t\t<\/span>\n\t\t\t\t\t<\/a>\n\t\t\t\t\t\t\t\t<\/div>\n\t\t\t\t<\/div>\n\t\t<div class=\"elementor-element elementor-element-2cb46f0 e-con-full e-flex e-con e-child\" data-id=\"2cb46f0\" data-element_type=\"container\" data-e-type=\"container\" data-settings=\"{&quot;background_background&quot;:&quot;classic&quot;}\">\n\t\t\t\t<div class=\"elementor-element elementor-element-c2bf12b elementor-widget elementor-widget-heading\" data-id=\"c2bf12b\" data-element_type=\"widget\" data-e-type=\"widget\" data-widget_type=\"heading.default\">\n\t\t\t\t\t<h1 class=\"elementor-heading-title elementor-size-default\">Riskikurssi Max - 310\u20ac\n<\/h1>\t\t\t\t<\/div>\n\t\t\t\t<div class=\"elementor-element elementor-element-bd3f88a elementor-widget elementor-widget-text-editor\" data-id=\"bd3f88a\" data-element_type=\"widget\" data-e-type=\"widget\" data-widget_type=\"text-editor.default\">\n\t\t\t\t\t\t\t\t\t<p>\u00a0<\/p><p style=\"text-align: left;\"><strong>Sis\u00e4lt\u00e4\u00e4:<br \/><\/strong><\/p><ul><li style=\"text-align: left;\">4h riskiteoriaa<\/li><li style=\"text-align: left;\">1h liukkaan kelin ajo simulaattorilla<\/li><li style=\"text-align: left;\">1h taajama-ajo oikealla autolla open kanssa<\/li><li style=\"text-align: left;\">1h maantieajo oikealla autolla open kanssa<\/li><li style=\"text-align: left;\">1h pime\u00e4ll\u00e4 ajo simulaattorilla<\/li><li style=\"text-align: left;\">s\u00e4hk\u00f6inen oppimisymp\u00e4rist\u00f6\u00a0ja teoriakokeen harjoittelu<\/li><\/ul>\t\t\t\t\t\t\t\t<\/div>\n\t\t\t\t<div class=\"elementor-element elementor-element-9cd363b elementor-widget elementor-widget-button\" data-id=\"9cd363b\" data-element_type=\"widget\" data-e-type=\"widget\" data-widget_type=\"button.default\">\n\t\t\t\t\t\t\t\t\t\t<a class=\"elementor-button elementor-button-link elementor-size-sm\" href=\"https:\/\/opisto.fi\/ilmo\">\n\t\t\t\t\t\t<span class=\"elementor-button-content-wrapper\">\n\t\t\t\t\t\t\t\t\t<span class=\"elementor-button-text\">Ilmoittaudu t\u00e4st\u00e4<\/span>\n\t\t\t\t\t<\/span>\n\t\t\t\t\t<\/a>\n\t\t\t\t\t\t\t\t<\/div>\n\t\t\t\t<\/div>\n\t\t\t\t\t<\/div>\n\t\t\t\t<\/div>\n\t\t<div class=\"elementor-element elementor-element-f5aeaa9 e-flex e-con-boxed e-con e-parent\" data-id=\"f5aeaa9\" data-element_type=\"container\" data-e-type=\"container\">\n\t\t\t\t\t<div class=\"e-con-inner\">\n\t\t<div class=\"elementor-element elementor-element-24c3f96 e-con-full e-flex e-con e-child\" data-id=\"24c3f96\" data-element_type=\"container\" data-e-type=\"container\" data-settings=\"{&quot;background_background&quot;:&quot;classic&quot;}\">\n\t\t\t\t<div class=\"elementor-element elementor-element-4ca5bef elementor-widget elementor-widget-heading\" data-id=\"4ca5bef\" data-element_type=\"widget\" data-e-type=\"widget\" data-widget_type=\"heading.default\">\n\t\t\t\t\t<h1 class=\"elementor-heading-title elementor-size-default\">Riskikurssi  Extra 420\u20ac<\/h1>\t\t\t\t<\/div>\n\t\t\t\t<div class=\"elementor-element elementor-element-58e71d9 elementor-widget elementor-widget-text-editor\" data-id=\"58e71d9\" data-element_type=\"widget\" data-e-type=\"widget\" data-widget_type=\"text-editor.default\">\n\t\t\t\t\t\t\t\t\t<p>Kurssi sis\u00e4lt\u00e4\u00e4:<\/p><p>4h riskiteoria<\/p><p>1h taajama-ajoa oikealla autolla<\/p><p>3h riskiajoa simulaattorilla (pime\u00e4, maantie ja liukas)<\/p><p>s\u00e4hk\u00f6inen oppimateriaali ja teoriakokeen harjoittelu<\/p><p><strong>Lis\u00e4ksi 2h extra-ajotuntia oikealla autolla, mist\u00e4 saat varmuutta ajokoetta varten.<\/strong><\/p>\t\t\t\t\t\t\t\t<\/div>\n\t\t\t\t<div class=\"elementor-element elementor-element-a7b230a elementor-widget elementor-widget-button\" data-id=\"a7b230a\" data-element_type=\"widget\" data-e-type=\"widget\" data-widget_type=\"button.default\">\n\t\t\t\t\t\t\t\t\t\t<a class=\"elementor-button elementor-button-link elementor-size-sm\" href=\"https:\/\/opisto.fi\/ilmo\">\n\t\t\t\t\t\t<span class=\"elementor-button-content-wrapper\">\n\t\t\t\t\t\t\t\t\t<span class=\"elementor-button-text\">Ilmoittaudu t\u00e4st\u00e4<\/span>\n\t\t\t\t\t<\/span>\n\t\t\t\t\t<\/a>\n\t\t\t\t\t\t\t\t<\/div>\n\t\t\t\t<\/div>\n\t\t<div class=\"elementor-element elementor-element-29979d5 e-con-full e-flex e-con e-child\" data-id=\"29979d5\" data-element_type=\"container\" data-e-type=\"container\" data-settings=\"{&quot;background_background&quot;:&quot;classic&quot;}\">\n\t\t\t\t<div class=\"elementor-element elementor-element-d349254 elementor-widget elementor-widget-heading\" data-id=\"d349254\" data-element_type=\"widget\" data-e-type=\"widget\" data-widget_type=\"heading.default\">\n\t\t\t\t\t<h1 class=\"elementor-heading-title elementor-size-default\">EAS-koulutus - 50\u20ac<\/h1>\t\t\t\t<\/div>\n\t\t\t\t<div class=\"elementor-element elementor-element-cbbbf63 elementor-widget elementor-widget-text-editor\" data-id=\"cbbbf63\" data-element_type=\"widget\" data-e-type=\"widget\" data-widget_type=\"text-editor.default\">\n\t\t\t\t\t\t\t\t\t<p>EAS-koulutus\u00a0 on pakollinen kaikille, jotka suorittavat ensimm\u00e4ist\u00e4 ajokorttiaan eik\u00e4 heill\u00e4 ole ennest\u00e4\u00e4n mit\u00e4\u00e4n ajokorttia.<\/p><p>EAS-koulutus on kertaluonteinen \u2013 kun olet suorittanut sen kerran, sit\u00e4 ei tarvitse tehd\u00e4 uudelleen my\u00f6hemmin muiden ajokorttiluokkien yhteydess\u00e4.<\/p><p><strong>EAS-koulutus sis\u00e4lt\u00e4\u00e4?<\/strong><\/p><p>Kurssi sis\u00e4lt\u00e4\u00e4 vain pakollisen EAS-koulutuksen verkkoteoriatunnit.\u00a0<\/p><p>Koulutus suoritetaan kokonaan verkossa, joten voit opiskella joustavasti omassa tahdissasi. Saat tunnukset ilmoittautumisen vahvistamisen j\u00e4lkeen ja voit aloittaa opiskelun saman tien.<\/p><p><strong>Kurssiin on mahdollista ostaa erikseen materiaalipaketti, joka sis\u00e4lt\u00e4\u00e4 oppikirjan, opetusvideoita ja teoriakokeen harjoittelun. Paketin hinta on 39,90\u20ac<\/strong><\/p>\t\t\t\t\t\t\t\t<\/div>\n\t\t\t\t<div class=\"elementor-element elementor-element-577e4eb elementor-widget elementor-widget-button\" data-id=\"577e4eb\" data-element_type=\"widget\" data-e-type=\"widget\" data-widget_type=\"button.default\">\n\t\t\t\t\t\t\t\t\t\t<a class=\"elementor-button elementor-button-link elementor-size-sm\" href=\"https:\/\/opisto.fi\/ilmo\">\n\t\t\t\t\t\t<span class=\"elementor-button-content-wrapper\">\n\t\t\t\t\t\t\t\t\t<span class=\"elementor-button-text\">Ilmoittaudu t\u00e4st\u00e4<\/span>\n\t\t\t\t\t<\/span>\n\t\t\t\t\t<\/a>\n\t\t\t\t\t\t\t\t<\/div>\n\t\t\t\t<\/div>\n\t\t\t\t\t<\/div>\n\t\t\t\t<\/div>\n\t\t<div class=\"elementor-element elementor-element-f0373d9 e-flex e-con-boxed e-con e-parent\" data-id=\"f0373d9\" data-element_type=\"container\" data-e-type=\"container\">\n\t\t\t\t\t<div class=\"e-con-inner\">\n\t\t\t\t<div class=\"elementor-element elementor-element-6e75003 elementor-widget elementor-widget-html\" data-id=\"6e75003\" data-element_type=\"widget\" data-e-type=\"widget\" data-widget_type=\"html.default\">\n\t\t\t\t\t <!-- KOODIT -->\n<style>\n\n\n.hentry\n {\n    margin: 0 0 60px;\n    padding: 0px;\n\n    background-color: #ffffffe8;\n}\n\n.entry-header {\n    text-align: center;\n    display: none;\n}\n\n@media (max-width: 600px) {\n    .hentry {\n\t\t\tpadding: 0px;}\n}\n\n@media (min-width: 1200px) {\n    .container {\n        width: 1400px;\n    }\n}\n\n\n.e-n-accordion-item-title-text {\nfont-size: 2rem !important;\nfont-weight: 900;\nmargin: 10px;\n\n\n}\n\n\nsummary.e-n-accordion-item-title {\nborder-radius: 1rem !important;\nborder-color: #eb6611 !important;\nborder-color: #efc56e !important;\n\npadding: 10px;\n\n    \n    \n}\n\n.e-n-accordion-item {\n\n    padding: 3px;\n}\n\n\n.elementor-element {\nmargin-top: 5px;\n\n    border-color: #ffffffe8;\n    \n}\n\n\n.e-closed, .e-opened {\n    display: flex\n;\n    padding-left: 15px !important;\n    \n}\n\n\n.elementor-widget-container {\n    padding: 5px !important;\n}\n\n\n\n\n\n\n<\/style>\n\t\t\t\t<\/div>\n\t\t\t\t\t<\/div>\n\t\t\t\t<\/div>\n\t\t\t\t<\/div>\n\t\t","protected":false},"excerpt":{"rendered":"<p>Opetuslupalaiset Toimistollamme saat palvelua ja sinua neuvotaan henkil\u00f6kohtaisesti kurssin jokaisessa vaiheessa &#8211; et siis j\u00e4\u00e4 yksin kurssisuoritusten kanssa! Voit maksaa kurssimaksut eriss\u00e4, kysy lis\u00e4\u00e4. Ilmoittaudu kurssille\u00a0netin kautta, soittamalla tai tule k\u00e4ym\u00e4\u00e4n toimistollamme niin saat lis\u00e4\u00e4 infoa! Palveluja nyt my\u00f6s opetuslupaoppilaille ja heid\u00e4n opettajilleen.Riskikurssi on suoritettava ennen ajokoetta!\u00a0 Riskikurssi 1 &#8211; 260\u20ac \u00a0 Sis\u00e4lt\u00e4\u00e4: 4 h [&hellip;]<\/p>\n","protected":false},"author":1,"featured_media":0,"parent":0,"menu_order":0,"comment_status":"closed","ping_status":"closed","template":"","meta":{"footnotes":""},"class_list":["post-3816","page","type-page","status-publish","hentry"],"_links":{"self":[{"href":"https:\/\/www.opisto.fi\/autokoulu2019\/maakunta\/index.php?rest_route=\/wp\/v2\/pages\/3816","targetHints":{"allow":["GET"]}}],"collection":[{"href":"https:\/\/www.opisto.fi\/autokoulu2019\/maakunta\/index.php?rest_route=\/wp\/v2\/pages"}],"about":[{"href":"https:\/\/www.opisto.fi\/autokoulu2019\/maakunta\/index.php?rest_route=\/wp\/v2\/types\/page"}],"author":[{"embeddable":true,"href":"https:\/\/www.opisto.fi\/autokoulu2019\/maakunta\/index.php?rest_route=\/wp\/v2\/users\/1"}],"replies":[{"embeddable":true,"href":"https:\/\/www.opisto.fi\/autokoulu2019\/maakunta\/index.php?rest_route=%2Fwp%2Fv2%2Fcomments&post=3816"}],"version-history":[{"count":37,"href":"https:\/\/www.opisto.fi\/autokoulu2019\/maakunta\/index.php?rest_route=\/wp\/v2\/pages\/3816\/revisions"}],"predecessor-version":[{"id":4091,"href":"https:\/\/www.opisto.fi\/autokoulu2019\/maakunta\/index.php?rest_route=\/wp\/v2\/pages\/3816\/revisions\/4091"}],"wp:attachment":[{"href":"https:\/\/www.opisto.fi\/autokoulu2019\/maakunta\/index.php?rest_route=%2Fwp%2Fv2%2Fmedia&parent=3816"}],"curies":[{"name":"wp","href":"https:\/\/api.w.org\/{rel}","templated":true}]}}