{"id":3762,"date":"2026-03-13T12:50:30","date_gmt":"2026-03-13T12:50:30","guid":{"rendered":"https:\/\/www.opisto.fi\/autokoulu2019\/maakunta\/?page_id=3762"},"modified":"2026-04-02T08:28:20","modified_gmt":"2026-04-02T08:28:20","slug":"liikenneopisto-paikallinen-perheyritys","status":"publish","type":"page","link":"https:\/\/www.opisto.fi\/autokoulu2019\/maakunta\/","title":{"rendered":"Liikenneopisto \u2013 paikallinen perheyritys Eura Kokem\u00e4ki Harjavalta"},"content":{"rendered":"\t\t<div data-elementor-type=\"wp-page\" data-elementor-id=\"3762\" class=\"elementor elementor-3762\">\n\t\t\t\t<div class=\"elementor-element elementor-element-98619dd e-flex e-con-boxed e-con e-parent\" data-id=\"98619dd\" data-element_type=\"container\" data-e-type=\"container\">\n\t\t\t\t\t<div class=\"e-con-inner\">\n\t\t\t\t<div class=\"elementor-element elementor-element-9831621 elementor-widget elementor-widget-spacer\" data-id=\"9831621\" data-element_type=\"widget\" data-e-type=\"widget\" data-widget_type=\"spacer.default\">\n\t\t\t\t\t\t\t<div class=\"elementor-spacer\">\n\t\t\t<div class=\"elementor-spacer-inner\"><\/div>\n\t\t<\/div>\n\t\t\t\t\t\t<\/div>\n\t\t\t\t<div class=\"elementor-element elementor-element-102fc31 elementor-widget elementor-widget-heading\" data-id=\"102fc31\" data-element_type=\"widget\" data-e-type=\"widget\" data-widget_type=\"heading.default\">\n\t\t\t\t\t<h1 class=\"elementor-heading-title elementor-size-default\">Liikenneopisto \u2013 paikallinen perheyritys<\/h1>\t\t\t\t<\/div>\n\t\t\t\t<div class=\"elementor-element elementor-element-3cc4823 elementor-widget elementor-widget-text-editor\" data-id=\"3cc4823\" data-element_type=\"widget\" data-e-type=\"widget\" data-widget_type=\"text-editor.default\">\n\t\t\t\t\t\t\t\t\t<div>Kurssit alkavat <strong data-start=\"151\" data-end=\"212\">Harjavallassa, Kokem\u00e4ell\u00e4 ja Eurassa l\u00e4hes joka arkip\u00e4iv\u00e4<\/strong>. Voit aloittaa juuri silloin kun sinulle sopii ja voit valita <strong data-start=\"357\" data-end=\"402\">sinulle sopivan ajom\u00e4\u00e4r\u00e4n ja oppimistavan<\/strong>. Tarjoamme kurssilaisille <strong data-start=\"460\" data-end=\"495\">helppoa ja korotonta maksuaikaa<\/strong>.<\/div><div><strong>Aukioloajat 1.4.2026 alkaen<\/strong>: Euran toimisto on avoinna keskiviikkoina ja Kokem\u00e4ki tiistaina ja torstaina klo 10-16.30. Harjavallan toimisto on suljettu. Yhteydenotot Harjavallan asioissa puhelimella tai eura@opisto.fi. Ajotunnit jatkossakin Harjavallasta.<\/div><div><p data-start=\"498\" data-end=\"668\"><br data-start=\"591\" data-end=\"594\" \/>Sihteerimme vastaa puhelimeen <strong data-start=\"621\" data-end=\"645\">arkisin klo 10\u201316.30<\/strong>:\u00a0<img decoding=\"async\" class=\"emoji\" role=\"img\" draggable=\"false\" src=\"https:\/\/s.w.org\/images\/core\/emoji\/17.0.2\/svg\/1f4de.svg\" alt=\"\ud83d\udcde\" \/> <strong data-start=\"652\" data-end=\"668\" data-is-only-node=\"\">0500 720 111<\/strong><\/p><\/div>\t\t\t\t\t\t\t\t<\/div>\n\t\t\t\t\t<\/div>\n\t\t\t\t<\/div>\n\t\t<div class=\"elementor-element elementor-element-9e78756 e-con-full e-flex e-con e-parent\" data-id=\"9e78756\" data-element_type=\"container\" data-e-type=\"container\">\n\t\t<div class=\"elementor-element elementor-element-c39a6f7 e-con-full e-flex e-con e-child\" data-id=\"c39a6f7\" data-element_type=\"container\" data-e-type=\"container\">\n\t\t<div class=\"elementor-element elementor-element-f1b4d75 e-con-full e-flex e-con e-child\" data-id=\"f1b4d75\" data-element_type=\"container\" data-e-type=\"container\" data-settings=\"{&quot;background_background&quot;:&quot;classic&quot;}\">\n\t\t\t\t<div class=\"elementor-element elementor-element-97158c7 elementor-widget elementor-widget-spacer\" data-id=\"97158c7\" data-element_type=\"widget\" data-e-type=\"widget\" data-widget_type=\"spacer.default\">\n\t\t\t\t\t\t\t<div class=\"elementor-spacer\">\n\t\t\t<div class=\"elementor-spacer-inner\"><\/div>\n\t\t<\/div>\n\t\t\t\t\t\t<\/div>\n\t\t\t\t<div class=\"elementor-element elementor-element-2d86a1c elementor-widget elementor-widget-heading\" data-id=\"2d86a1c\" data-element_type=\"widget\" data-e-type=\"widget\" data-widget_type=\"heading.default\">\n\t\t\t\t\t<h1 class=\"elementor-heading-title elementor-size-default\">Autot<\/h1>\t\t\t\t<\/div>\n\t\t\t\t<div class=\"elementor-element elementor-element-2c28fdd elementor-widget elementor-widget-text-editor\" data-id=\"2c28fdd\" data-element_type=\"widget\" data-e-type=\"widget\" data-widget_type=\"text-editor.default\">\n\t\t\t\t\t\t\t\t\t<p>(B kurssit)<\/p>\t\t\t\t\t\t\t\t<\/div>\n\t\t\t\t<div class=\"elementor-element elementor-element-0571323 elementor-widget elementor-widget-button\" data-id=\"0571323\" data-element_type=\"widget\" data-e-type=\"widget\" data-widget_type=\"button.default\">\n\t\t\t\t\t\t\t\t\t\t<a class=\"elementor-button elementor-button-link elementor-size-sm\" href=\"https:\/\/www.opisto.fi\/autokoulu2019\/maakunta\/?page_id=3802\">\n\t\t\t\t\t\t<span class=\"elementor-button-content-wrapper\">\n\t\t\t\t\t\t\t\t\t<span class=\"elementor-button-text\">Kurssit ja hinnat<\/span>\n\t\t\t\t\t<\/span>\n\t\t\t\t\t<\/a>\n\t\t\t\t\t\t\t\t<\/div>\n\t\t\t\t<div class=\"elementor-element elementor-element-83de20d elementor-widget elementor-widget-spacer\" data-id=\"83de20d\" data-element_type=\"widget\" data-e-type=\"widget\" data-widget_type=\"spacer.default\">\n\t\t\t\t\t\t\t<div class=\"elementor-spacer\">\n\t\t\t<div class=\"elementor-spacer-inner\"><\/div>\n\t\t<\/div>\n\t\t\t\t\t\t<\/div>\n\t\t\t\t<\/div>\n\t\t<div class=\"elementor-element elementor-element-8f51bfa e-con-full e-flex e-con e-child\" data-id=\"8f51bfa\" data-element_type=\"container\" data-e-type=\"container\" data-settings=\"{&quot;background_background&quot;:&quot;classic&quot;}\">\n\t\t\t\t<div class=\"elementor-element elementor-element-46488e3 elementor-widget elementor-widget-spacer\" data-id=\"46488e3\" data-element_type=\"widget\" data-e-type=\"widget\" data-widget_type=\"spacer.default\">\n\t\t\t\t\t\t\t<div class=\"elementor-spacer\">\n\t\t\t<div class=\"elementor-spacer-inner\"><\/div>\n\t\t<\/div>\n\t\t\t\t\t\t<\/div>\n\t\t\t\t<div class=\"elementor-element elementor-element-4424592 elementor-widget elementor-widget-heading\" data-id=\"4424592\" data-element_type=\"widget\" data-e-type=\"widget\" data-widget_type=\"heading.default\">\n\t\t\t\t\t<h1 class=\"elementor-heading-title elementor-size-default\">Mopot<\/h1>\t\t\t\t<\/div>\n\t\t\t\t<div class=\"elementor-element elementor-element-a20472c elementor-widget elementor-widget-text-editor\" data-id=\"a20472c\" data-element_type=\"widget\" data-e-type=\"widget\" data-widget_type=\"text-editor.default\">\n\t\t\t\t\t\t\t\t\t<p>(AM120 kurssit)<\/p>\t\t\t\t\t\t\t\t<\/div>\n\t\t\t\t<div class=\"elementor-element elementor-element-9dc12d8 elementor-widget elementor-widget-button\" data-id=\"9dc12d8\" data-element_type=\"widget\" data-e-type=\"widget\" data-widget_type=\"button.default\">\n\t\t\t\t\t\t\t\t\t\t<a class=\"elementor-button elementor-button-link elementor-size-sm\" href=\"https:\/\/www.opisto.fi\/autokoulu2019\/maakunta\/?page_id=3810\">\n\t\t\t\t\t\t<span class=\"elementor-button-content-wrapper\">\n\t\t\t\t\t\t\t\t\t<span class=\"elementor-button-text\">Kurssit ja hinnat<\/span>\n\t\t\t\t\t<\/span>\n\t\t\t\t\t<\/a>\n\t\t\t\t\t\t\t\t<\/div>\n\t\t\t\t<div class=\"elementor-element elementor-element-402e638 elementor-widget elementor-widget-spacer\" data-id=\"402e638\" data-element_type=\"widget\" data-e-type=\"widget\" data-widget_type=\"spacer.default\">\n\t\t\t\t\t\t\t<div class=\"elementor-spacer\">\n\t\t\t<div class=\"elementor-spacer-inner\"><\/div>\n\t\t<\/div>\n\t\t\t\t\t\t<\/div>\n\t\t\t\t<\/div>\n\t\t<div class=\"elementor-element elementor-element-79fe750 e-con-full e-flex e-con e-child\" data-id=\"79fe750\" data-element_type=\"container\" data-e-type=\"container\" data-settings=\"{&quot;background_background&quot;:&quot;classic&quot;}\">\n\t\t\t\t<div class=\"elementor-element elementor-element-dcf50eb elementor-widget elementor-widget-spacer\" data-id=\"dcf50eb\" data-element_type=\"widget\" data-e-type=\"widget\" data-widget_type=\"spacer.default\">\n\t\t\t\t\t\t\t<div class=\"elementor-spacer\">\n\t\t\t<div class=\"elementor-spacer-inner\"><\/div>\n\t\t<\/div>\n\t\t\t\t\t\t<\/div>\n\t\t\t\t<div class=\"elementor-element elementor-element-9d8dcb7 elementor-widget elementor-widget-heading\" data-id=\"9d8dcb7\" data-element_type=\"widget\" data-e-type=\"widget\" data-widget_type=\"heading.default\">\n\t\t\t\t\t<h1 class=\"elementor-heading-title elementor-size-default\">Mopoautot<\/h1>\t\t\t\t<\/div>\n\t\t\t\t<div class=\"elementor-element elementor-element-85080b6 elementor-widget elementor-widget-text-editor\" data-id=\"85080b6\" data-element_type=\"widget\" data-e-type=\"widget\" data-widget_type=\"text-editor.default\">\n\t\t\t\t\t\t\t\t\t<p>(AM121 ja m\u00f6nkij\u00e4 kurssit)<\/p>\t\t\t\t\t\t\t\t<\/div>\n\t\t\t\t<div class=\"elementor-element elementor-element-9d93486 elementor-widget elementor-widget-button\" data-id=\"9d93486\" data-element_type=\"widget\" data-e-type=\"widget\" data-widget_type=\"button.default\">\n\t\t\t\t\t\t\t\t\t\t<a class=\"elementor-button elementor-button-link elementor-size-sm\" href=\"https:\/\/www.opisto.fi\/autokoulu2019\/maakunta\/?page_id=3812\">\n\t\t\t\t\t\t<span class=\"elementor-button-content-wrapper\">\n\t\t\t\t\t\t\t\t\t<span class=\"elementor-button-text\">Kurssit ja hinnat<\/span>\n\t\t\t\t\t<\/span>\n\t\t\t\t\t<\/a>\n\t\t\t\t\t\t\t\t<\/div>\n\t\t\t\t<div class=\"elementor-element elementor-element-a913a6e elementor-widget elementor-widget-spacer\" data-id=\"a913a6e\" data-element_type=\"widget\" data-e-type=\"widget\" data-widget_type=\"spacer.default\">\n\t\t\t\t\t\t\t<div class=\"elementor-spacer\">\n\t\t\t<div class=\"elementor-spacer-inner\"><\/div>\n\t\t<\/div>\n\t\t\t\t\t\t<\/div>\n\t\t\t\t<\/div>\n\t\t\t\t<\/div>\n\t\t<div class=\"elementor-element elementor-element-6a730f1 e-con-full e-flex e-con e-child\" data-id=\"6a730f1\" data-element_type=\"container\" data-e-type=\"container\">\n\t\t\t\t<\/div>\n\t\t\t\t<\/div>\n\t\t<div class=\"elementor-element elementor-element-357d2c3 e-con-full e-flex e-con e-parent\" data-id=\"357d2c3\" data-element_type=\"container\" data-e-type=\"container\">\n\t\t<div class=\"elementor-element elementor-element-70f09a8 e-con-full e-flex e-con e-child\" data-id=\"70f09a8\" data-element_type=\"container\" data-e-type=\"container\">\n\t\t<div class=\"elementor-element elementor-element-b09908d e-con-full e-flex e-con e-child\" data-id=\"b09908d\" data-element_type=\"container\" data-e-type=\"container\" data-settings=\"{&quot;background_background&quot;:&quot;classic&quot;}\">\n\t\t\t\t<div class=\"elementor-element elementor-element-b206d0d elementor-widget elementor-widget-spacer\" data-id=\"b206d0d\" data-element_type=\"widget\" data-e-type=\"widget\" data-widget_type=\"spacer.default\">\n\t\t\t\t\t\t\t<div class=\"elementor-spacer\">\n\t\t\t<div class=\"elementor-spacer-inner\"><\/div>\n\t\t<\/div>\n\t\t\t\t\t\t<\/div>\n\t\t\t\t<div class=\"elementor-element elementor-element-08680fb elementor-widget elementor-widget-heading\" data-id=\"08680fb\" data-element_type=\"widget\" data-e-type=\"widget\" data-widget_type=\"heading.default\">\n\t\t\t\t\t<h1 class=\"elementor-heading-title elementor-size-default\">Moottoripy\u00f6r\u00e4t<\/h1>\t\t\t\t<\/div>\n\t\t\t\t<div class=\"elementor-element elementor-element-3f95cfd elementor-widget elementor-widget-text-editor\" data-id=\"3f95cfd\" data-element_type=\"widget\" data-e-type=\"widget\" data-widget_type=\"text-editor.default\">\n\t\t\t\t\t\t\t\t\t<p>(A1\/A2\/A kurssit)<\/p>\t\t\t\t\t\t\t\t<\/div>\n\t\t\t\t<div class=\"elementor-element elementor-element-93409a4 elementor-widget elementor-widget-button\" data-id=\"93409a4\" data-element_type=\"widget\" data-e-type=\"widget\" data-widget_type=\"button.default\">\n\t\t\t\t\t\t\t\t\t\t<a class=\"elementor-button elementor-button-link elementor-size-sm\" href=\"https:\/\/www.opisto.fi\/autokoulu2019\/maakunta\/?page_id=3814\">\n\t\t\t\t\t\t<span class=\"elementor-button-content-wrapper\">\n\t\t\t\t\t\t\t\t\t<span class=\"elementor-button-text\">Kurssit ja hinnat<\/span>\n\t\t\t\t\t<\/span>\n\t\t\t\t\t<\/a>\n\t\t\t\t\t\t\t\t<\/div>\n\t\t\t\t<div class=\"elementor-element elementor-element-82fb635 elementor-widget elementor-widget-spacer\" data-id=\"82fb635\" data-element_type=\"widget\" data-e-type=\"widget\" data-widget_type=\"spacer.default\">\n\t\t\t\t\t\t\t<div class=\"elementor-spacer\">\n\t\t\t<div class=\"elementor-spacer-inner\"><\/div>\n\t\t<\/div>\n\t\t\t\t\t\t<\/div>\n\t\t\t\t<\/div>\n\t\t<div class=\"elementor-element elementor-element-e1faca2 e-con-full e-flex e-con e-child\" data-id=\"e1faca2\" data-element_type=\"container\" data-e-type=\"container\" data-settings=\"{&quot;background_background&quot;:&quot;classic&quot;}\">\n\t\t\t\t<div class=\"elementor-element elementor-element-c95db1b elementor-widget elementor-widget-spacer\" data-id=\"c95db1b\" data-element_type=\"widget\" data-e-type=\"widget\" data-widget_type=\"spacer.default\">\n\t\t\t\t\t\t\t<div class=\"elementor-spacer\">\n\t\t\t<div class=\"elementor-spacer-inner\"><\/div>\n\t\t<\/div>\n\t\t\t\t\t\t<\/div>\n\t\t\t\t<div class=\"elementor-element elementor-element-32b7172 elementor-widget elementor-widget-heading\" data-id=\"32b7172\" data-element_type=\"widget\" data-e-type=\"widget\" data-widget_type=\"heading.default\">\n\t\t\t\t\t<h1 class=\"elementor-heading-title elementor-size-default\">Kuorma-autot <\/h1>\t\t\t\t<\/div>\n\t\t\t\t<div class=\"elementor-element elementor-element-573e101 elementor-widget elementor-widget-text-editor\" data-id=\"573e101\" data-element_type=\"widget\" data-e-type=\"widget\" data-widget_type=\"text-editor.default\">\n\t\t\t\t\t\t\t\t\t<p>(C1\/C1E kurssit)<\/p>\t\t\t\t\t\t\t\t<\/div>\n\t\t\t\t<div class=\"elementor-element elementor-element-d1ed4b2 elementor-widget elementor-widget-button\" data-id=\"d1ed4b2\" data-element_type=\"widget\" data-e-type=\"widget\" data-widget_type=\"button.default\">\n\t\t\t\t\t\t\t\t\t\t<a class=\"elementor-button elementor-button-link elementor-size-sm\" href=\"https:\/\/www.opisto.fi\/autokoulu2019\/maakunta\/?page_id=3820\">\n\t\t\t\t\t\t<span class=\"elementor-button-content-wrapper\">\n\t\t\t\t\t\t\t\t\t<span class=\"elementor-button-text\">Kurssit ja hinnat<\/span>\n\t\t\t\t\t<\/span>\n\t\t\t\t\t<\/a>\n\t\t\t\t\t\t\t\t<\/div>\n\t\t\t\t<div class=\"elementor-element elementor-element-9e1bdc7 elementor-widget elementor-widget-spacer\" data-id=\"9e1bdc7\" data-element_type=\"widget\" data-e-type=\"widget\" data-widget_type=\"spacer.default\">\n\t\t\t\t\t\t\t<div class=\"elementor-spacer\">\n\t\t\t<div class=\"elementor-spacer-inner\"><\/div>\n\t\t<\/div>\n\t\t\t\t\t\t<\/div>\n\t\t\t\t<\/div>\n\t\t<div class=\"elementor-element elementor-element-379ffab e-con-full e-flex e-con e-child\" data-id=\"379ffab\" data-element_type=\"container\" data-e-type=\"container\" data-settings=\"{&quot;background_background&quot;:&quot;classic&quot;}\">\n\t\t\t\t<div class=\"elementor-element elementor-element-dc17c07 elementor-widget elementor-widget-spacer\" data-id=\"dc17c07\" data-element_type=\"widget\" data-e-type=\"widget\" data-widget_type=\"spacer.default\">\n\t\t\t\t\t\t\t<div class=\"elementor-spacer\">\n\t\t\t<div class=\"elementor-spacer-inner\"><\/div>\n\t\t<\/div>\n\t\t\t\t\t\t<\/div>\n\t\t\t\t<div class=\"elementor-element elementor-element-789e1ea elementor-widget elementor-widget-heading\" data-id=\"789e1ea\" data-element_type=\"widget\" data-e-type=\"widget\" data-widget_type=\"heading.default\">\n\t\t\t\t\t<h1 class=\"elementor-heading-title elementor-size-default\">Opetuslupalaiset<\/h1>\t\t\t\t<\/div>\n\t\t\t\t<div class=\"elementor-element elementor-element-2dcddcd elementor-widget elementor-widget-text-editor\" data-id=\"2dcddcd\" data-element_type=\"widget\" data-e-type=\"widget\" data-widget_type=\"text-editor.default\">\n\t\t\t\t\t\t\t\t\t<p>(EAS \/ Riski kurssit)<\/p>\t\t\t\t\t\t\t\t<\/div>\n\t\t\t\t<div class=\"elementor-element elementor-element-ed3bf59 elementor-widget elementor-widget-button\" data-id=\"ed3bf59\" data-element_type=\"widget\" data-e-type=\"widget\" data-widget_type=\"button.default\">\n\t\t\t\t\t\t\t\t\t\t<a class=\"elementor-button elementor-button-link elementor-size-sm\" href=\"https:\/\/www.opisto.fi\/autokoulu2019\/maakunta\/?page_id=3816\">\n\t\t\t\t\t\t<span class=\"elementor-button-content-wrapper\">\n\t\t\t\t\t\t\t\t\t<span class=\"elementor-button-text\">Kurssit ja hinnat<\/span>\n\t\t\t\t\t<\/span>\n\t\t\t\t\t<\/a>\n\t\t\t\t\t\t\t\t<\/div>\n\t\t\t\t<div class=\"elementor-element elementor-element-defcf04 elementor-widget elementor-widget-spacer\" data-id=\"defcf04\" data-element_type=\"widget\" data-e-type=\"widget\" data-widget_type=\"spacer.default\">\n\t\t\t\t\t\t\t<div class=\"elementor-spacer\">\n\t\t\t<div class=\"elementor-spacer-inner\"><\/div>\n\t\t<\/div>\n\t\t\t\t\t\t<\/div>\n\t\t\t\t<\/div>\n\t\t\t\t<\/div>\n\t\t<div class=\"elementor-element elementor-element-4d3c804 e-con-full e-flex e-con e-child\" data-id=\"4d3c804\" data-element_type=\"container\" data-e-type=\"container\">\n\t\t\t\t<\/div>\n\t\t\t\t<\/div>\n\t\t<div class=\"elementor-element elementor-element-926eb01 e-flex e-con-boxed e-con e-parent\" data-id=\"926eb01\" data-element_type=\"container\" data-e-type=\"container\">\n\t\t\t\t\t<div class=\"e-con-inner\">\n\t\t\t\t<div class=\"elementor-element elementor-element-5ab5cf7 elementor-widget elementor-widget-html\" data-id=\"5ab5cf7\" data-element_type=\"widget\" data-e-type=\"widget\" data-widget_type=\"html.default\">\n\t\t\t\t\t<style>\n@media (max-width: 600px) {\n    .hentry {\n\t\t\tpadding: 2px;\n        padding-top: 60px;\n    }\n}\n\n\n\n@media (min-width: 1200px) {\n    .container {\n        width: 1400px;\n    }\n}\n<\/style>\t\t\t\t<\/div>\n\t\t\t\t\t<\/div>\n\t\t\t\t<\/div>\n\t\t<div class=\"elementor-element elementor-element-8b16a3b e-flex e-con-boxed e-con e-parent\" data-id=\"8b16a3b\" data-element_type=\"container\" data-e-type=\"container\">\n\t\t\t\t\t<div class=\"e-con-inner\">\n\t\t\t\t\t<\/div>\n\t\t\t\t<\/div>\n\t\t<div class=\"elementor-element elementor-element-405bf89 e-con-full e-flex e-con e-parent\" data-id=\"405bf89\" data-element_type=\"container\" data-e-type=\"container\">\n\t\t<div class=\"elementor-element elementor-element-763754c e-con-full e-flex e-con e-child\" data-id=\"763754c\" data-element_type=\"container\" data-e-type=\"container\" data-settings=\"{&quot;background_background&quot;:&quot;classic&quot;}\">\n\t\t\t\t<div class=\"elementor-element elementor-element-848e0ec elementor-widget elementor-widget-spacer\" data-id=\"848e0ec\" data-element_type=\"widget\" data-e-type=\"widget\" data-widget_type=\"spacer.default\">\n\t\t\t\t\t\t\t<div class=\"elementor-spacer\">\n\t\t\t<div class=\"elementor-spacer-inner\"><\/div>\n\t\t<\/div>\n\t\t\t\t\t\t<\/div>\n\t\t\t\t<div class=\"elementor-element elementor-element-85d5c10 elementor-widget elementor-widget-heading\" data-id=\"85d5c10\" data-element_type=\"widget\" data-e-type=\"widget\" data-widget_type=\"heading.default\">\n\t\t\t\t\t<h1 class=\"elementor-heading-title elementor-size-default\">Ajokieltokoulutus<\/h1>\t\t\t\t<\/div>\n\t\t\t\t<div class=\"elementor-element elementor-element-ea9fee1 elementor-widget elementor-widget-text-editor\" data-id=\"ea9fee1\" data-element_type=\"widget\" data-e-type=\"widget\" data-widget_type=\"text-editor.default\">\n\t\t\t\t\t\t\t\t\t<p>(Verkkokurssi)<\/p>\t\t\t\t\t\t\t\t<\/div>\n\t\t\t\t<div class=\"elementor-element elementor-element-ded5c55 elementor-widget elementor-widget-button\" data-id=\"ded5c55\" data-element_type=\"widget\" data-e-type=\"widget\" data-widget_type=\"button.default\">\n\t\t\t\t\t\t\t\t\t\t<a class=\"elementor-button elementor-button-link elementor-size-sm\" href=\"https:\/\/www.opisto.fi\/autokoulu2019\/maakunta\/?page_id=3818\">\n\t\t\t\t\t\t<span class=\"elementor-button-content-wrapper\">\n\t\t\t\t\t\t\t\t\t<span class=\"elementor-button-text\">Kurssit ja hinnat<\/span>\n\t\t\t\t\t<\/span>\n\t\t\t\t\t<\/a>\n\t\t\t\t\t\t\t\t<\/div>\n\t\t\t\t<div class=\"elementor-element elementor-element-a9d2f89 elementor-widget elementor-widget-spacer\" data-id=\"a9d2f89\" data-element_type=\"widget\" data-e-type=\"widget\" data-widget_type=\"spacer.default\">\n\t\t\t\t\t\t\t<div class=\"elementor-spacer\">\n\t\t\t<div class=\"elementor-spacer-inner\"><\/div>\n\t\t<\/div>\n\t\t\t\t\t\t<\/div>\n\t\t\t\t<\/div>\n\t\t<div class=\"elementor-element elementor-element-34519e4 e-con-full e-flex e-con e-child\" data-id=\"34519e4\" data-element_type=\"container\" data-e-type=\"container\" data-settings=\"{&quot;background_background&quot;:&quot;classic&quot;}\">\n\t\t\t\t<div class=\"elementor-element elementor-element-423296e elementor-widget elementor-widget-spacer\" data-id=\"423296e\" data-element_type=\"widget\" data-e-type=\"widget\" data-widget_type=\"spacer.default\">\n\t\t\t\t\t\t\t<div class=\"elementor-spacer\">\n\t\t\t<div class=\"elementor-spacer-inner\"><\/div>\n\t\t<\/div>\n\t\t\t\t\t\t<\/div>\n\t\t\t\t<div class=\"elementor-element elementor-element-f810b6d elementor-widget elementor-widget-heading\" data-id=\"f810b6d\" data-element_type=\"widget\" data-e-type=\"widget\" data-widget_type=\"heading.default\">\n\t\t\t\t\t<h1 class=\"elementor-heading-title elementor-size-default\">T-traktorikortti<\/h1>\t\t\t\t<\/div>\n\t\t\t\t<div class=\"elementor-element elementor-element-0fe0674 elementor-widget elementor-widget-text-editor\" data-id=\"0fe0674\" data-element_type=\"widget\" data-e-type=\"widget\" data-widget_type=\"text-editor.default\">\n\t\t\t\t\t\t\t\t\t<p>(T kurssit)<\/p>\t\t\t\t\t\t\t\t<\/div>\n\t\t\t\t<div class=\"elementor-element elementor-element-83882ce elementor-widget elementor-widget-button\" data-id=\"83882ce\" data-element_type=\"widget\" data-e-type=\"widget\" data-widget_type=\"button.default\">\n\t\t\t\t\t\t\t\t\t\t<a class=\"elementor-button elementor-button-link elementor-size-sm\" href=\"https:\/\/www.opisto.fi\/autokoulu2019\/maakunta\/?page_id=3822\">\n\t\t\t\t\t\t<span class=\"elementor-button-content-wrapper\">\n\t\t\t\t\t\t\t\t\t<span class=\"elementor-button-text\">Kurssit ja hinnat<\/span>\n\t\t\t\t\t<\/span>\n\t\t\t\t\t<\/a>\n\t\t\t\t\t\t\t\t<\/div>\n\t\t\t\t<div class=\"elementor-element elementor-element-a1e9059 elementor-widget elementor-widget-spacer\" data-id=\"a1e9059\" data-element_type=\"widget\" data-e-type=\"widget\" data-widget_type=\"spacer.default\">\n\t\t\t\t\t\t\t<div class=\"elementor-spacer\">\n\t\t\t<div class=\"elementor-spacer-inner\"><\/div>\n\t\t<\/div>\n\t\t\t\t\t\t<\/div>\n\t\t\t\t<\/div>\n\t\t\t\t<\/div>\n\t\t<div class=\"elementor-element elementor-element-f92c8b4 e-flex e-con-boxed e-con e-parent\" data-id=\"f92c8b4\" data-element_type=\"container\" data-e-type=\"container\">\n\t\t\t\t\t<div class=\"e-con-inner\">\n\t\t\t\t<div class=\"elementor-element elementor-element-a8f10cf elementor-widget elementor-widget-html\" data-id=\"a8f10cf\" data-element_type=\"widget\" data-e-type=\"widget\" data-widget_type=\"html.default\">\n\t\t\t\t\t <!-- KOODIT -->\n<style>\n\n\n.hentry\n {\n    margin: 0 0 60px;\n    padding: 0px;\n\n    background-color: #ffffffe8;\n}\n\n.entry-header {\n    text-align: center;\n    display: none;\n}\n\n@media (max-width: 600px) {\n    .hentry {\n\t\t\tpadding: 0px;}\n}\n\n@media (min-width: 1200px) {\n    .container {\n        width: 1400px;\n    }\n}\n\n\n.e-n-accordion-item-title-text {\nfont-size: 2rem !important;\nfont-weight: 900;\nmargin: 10px;\n\n\n}\n\n\nsummary.e-n-accordion-item-title {\nborder-radius: 1rem !important;\nborder-color: #eb6611 !important;\nborder-color: #efc56e !important;\n\npadding: 10px;\n\n    \n    \n}\n\n.e-n-accordion-item {\n\n    padding: 3px;\n}\n\n\n.elementor-element {\nmargin-top: 5px;\n\n    border-color: #ffffffe8;\n    \n}\n\n\n.e-closed, .e-opened {\n    display: flex\n;\n    padding-left: 15px !important;\n    \n}\n\n\n.elementor-widget-container {\n    padding: 5px !important;\n}\n\n\n\n\n\n\n<\/style>\n\t\t\t\t<\/div>\n\t\t\t\t\t<\/div>\n\t\t\t\t<\/div>\n\t\t\t\t<\/div>\n\t\t","protected":false},"excerpt":{"rendered":"<p>Liikenneopisto \u2013 paikallinen perheyritys Kurssit alkavat Harjavallassa, Kokem\u00e4ell\u00e4 ja Eurassa l\u00e4hes joka arkip\u00e4iv\u00e4. Voit aloittaa juuri silloin kun sinulle sopii ja voit valita sinulle sopivan ajom\u00e4\u00e4r\u00e4n ja oppimistavan. Tarjoamme kurssilaisille helppoa ja korotonta maksuaikaa.Aukioloajat 1.4.2026 alkaen: Euran toimisto on avoinna keskiviikkoina ja Kokem\u00e4ki tiistaina ja torstaina klo 10-16.30. Harjavallan toimisto on suljettu. Yhteydenotot Harjavallan asioissa [&hellip;]<\/p>\n","protected":false},"author":1,"featured_media":0,"parent":0,"menu_order":0,"comment_status":"closed","ping_status":"closed","template":"","meta":{"footnotes":""},"class_list":["post-3762","page","type-page","status-publish","hentry"],"_links":{"self":[{"href":"https:\/\/www.opisto.fi\/autokoulu2019\/maakunta\/index.php?rest_route=\/wp\/v2\/pages\/3762","targetHints":{"allow":["GET"]}}],"collection":[{"href":"https:\/\/www.opisto.fi\/autokoulu2019\/maakunta\/index.php?rest_route=\/wp\/v2\/pages"}],"about":[{"href":"https:\/\/www.opisto.fi\/autokoulu2019\/maakunta\/index.php?rest_route=\/wp\/v2\/types\/page"}],"author":[{"embeddable":true,"href":"https:\/\/www.opisto.fi\/autokoulu2019\/maakunta\/index.php?rest_route=\/wp\/v2\/users\/1"}],"replies":[{"embeddable":true,"href":"https:\/\/www.opisto.fi\/autokoulu2019\/maakunta\/index.php?rest_route=%2Fwp%2Fv2%2Fcomments&post=3762"}],"version-history":[{"count":68,"href":"https:\/\/www.opisto.fi\/autokoulu2019\/maakunta\/index.php?rest_route=\/wp\/v2\/pages\/3762\/revisions"}],"predecessor-version":[{"id":4053,"href":"https:\/\/www.opisto.fi\/autokoulu2019\/maakunta\/index.php?rest_route=\/wp\/v2\/pages\/3762\/revisions\/4053"}],"wp:attachment":[{"href":"https:\/\/www.opisto.fi\/autokoulu2019\/maakunta\/index.php?rest_route=%2Fwp%2Fv2%2Fmedia&parent=3762"}],"curies":[{"name":"wp","href":"https:\/\/api.w.org\/{rel}","templated":true}]}}