{"id":13,"date":"2012-04-02T15:08:09","date_gmt":"2012-04-02T12:08:09","guid":{"rendered":"http:\/\/www.opisto.fi\/drivingschool\/?page_id=13"},"modified":"2026-03-11T19:40:56","modified_gmt":"2026-03-11T19:40:56","slug":"kalusto","status":"publish","type":"page","link":"https:\/\/www.opisto.fi\/autokoulu2019\/maakunta\/?page_id=13","title":{"rendered":"Vain parasta kalustoa k\u00e4yt\u00f6ss\u00e4"},"content":{"rendered":"<div id=\"pl-13\"  class=\"panel-layout\" ><div id=\"pg-13-0\"  class=\"panel-grid panel-no-style\" ><div id=\"pgc-13-0-0\"  class=\"panel-grid-cell\" ><div id=\"panel-13-0-0-0\" class=\"so-panel widget widget_media_image panel-first-child\" data-index=\"0\" ><img fetchpriority=\"high\" decoding=\"async\" class=\"image \" src=\"http:\/\/www.opisto.fi\/autokoulu2015\/pori\/wp-content\/uploads\/2012\/04\/autot.jpg\" alt=\"\" width=\"1440\" height=\"559\" \/><\/div><div id=\"panel-13-0-0-1\" class=\"so-panel widget widget_sow-editor panel-last-child\" data-index=\"1\" ><div class=\"panel-widget-style panel-widget-style-for-13-0-0-1\" ><div\n\t\t\t\n\t\t\tclass=\"so-widget-sow-editor so-widget-sow-editor-base\"\n\t\t\t\n\t\t>\n<div class=\"siteorigin-widget-tinymce textwidget\">\n\t<div class=\"su-service\"><div class=\"su-service-title\" style=\"padding-left:40px;min-height:26px;line-height:26px\"><i class=\"sui sui-thumbs-o-up\" style=\"font-size:26px;color:#3e3537\"><\/i> Uutta kalustoa<\/div><div class=\"su-service-content su-u-clearfix su-u-trim\" style=\"padding-left:40px\">Koulutamme tiimi\u00e4mme ja&nbsp;uudistamme&nbsp;kalustoa ahkerasti. Kokeneet ja rennot opettajamme pystyv\u00e4t tarjoamaan sinulle korkeatasoista sek\u00e4 tehokasta opetusta <strong>parhaalla mahdollisella kalustolla<\/strong>.<\/div><\/div>\n<div class=\"su-service\"><div class=\"su-service-title\" style=\"padding-left:40px;min-height:26px;line-height:26px\"><i class=\"sui sui-car\" style=\"font-size:26px;color:#3e3537\"><\/i> Pime\u00e4ll\u00e4 ajo simulaattorilla<\/div><div class=\"su-service-content su-u-clearfix su-u-trim\" style=\"padding-left:40px\">K\u00e4yt\u00f6ss\u00e4mme on virallisesti hyv\u00e4ksyttyj\u00e4, <strong>ajo-opetukseen rakennettuja ajosimulaattoreita<\/strong>. Mitenk\u00e4\u00e4n muuten ei ole mahdollista <strong>testata reagointia ja suoriutumista turvallisesti<\/strong> esimerkiksi tilanteessa, jossa hirvi hypp\u00e4\u00e4 tielle. Tai lumisateessa j\u00e4isell\u00e4 tiell\u00e4 yll\u00e4tt\u00e4vien esteiden ohittamista tai v\u00e4ist\u00e4mist\u00e4.<br \/>\nEhdottomasti kannattaa tulla tutustumaan simulaattoriimme ja suorittaa esimerkiksi&nbsp;pime\u00e4n ajon kurssi vaivattomasti. Voit my\u00f6s harjoitella vaarallisten tilanteiden kohtaamista liikenteess\u00e4 t\u00e4ysin turvallisesti.<\/div><\/div>\n<\/div>\n<\/div><\/div><\/div><\/div><\/div><div id=\"pg-13-1\"  class=\"panel-grid panel-no-style\" ><div id=\"pgc-13-1-0\"  class=\"panel-grid-cell\" ><div id=\"panel-13-1-0-0\" class=\"so-panel widget widget_media_image panel-first-child\" data-index=\"2\" ><img decoding=\"async\" class=\"image \" src=\"http:\/\/www.opisto.fi\/autokoulu2015\/pori\/wp-content\/uploads\/2018\/05\/Mprivi_korjattux2.jpg\" alt=\"\" width=\"1000\" height=\"667\" \/><\/div><div id=\"panel-13-1-0-1\" class=\"so-panel widget widget_sow-editor\" data-index=\"3\" ><div class=\"panel-widget-style panel-widget-style-for-13-1-0-1\" ><div\n\t\t\t\n\t\t\tclass=\"so-widget-sow-editor so-widget-sow-editor-base\"\n\t\t\t\n\t\t>\n<div class=\"siteorigin-widget-tinymce textwidget\">\n\t<p><strong>Moottoripy\u00f6r\u00e4t:<\/strong><br \/>\nKTM 125 Duke, Husqvarna 125, Yamaha MT-07 ja Kawasaki ER6<\/p>\n<p><strong>Mopot\/Mopoautot:<\/strong><br \/>\nHonda NS Repsol, Ligier, Beta RR ja Tomos Racing<\/p>\n<p><strong>Autot\/Kuorma-autot:<\/strong><br \/>\nSeat, &nbsp;Audi, MB Sprinter 419<\/p>\n<p><span style=\"color: #000000;\"><strong>Meill\u00e4 my\u00f6s mahdollisuus ajaa henkil\u00f6auton ajotunnit automaattivaihteisella autolla!<\/strong><\/span><\/p>\n<p><strong>Ajosimulaattorit<\/strong> Porissa, Eurassa ja Kokem\u00e4ell\u00e4<\/p>\n<\/div>\n<\/div><\/div><\/div><div id=\"panel-13-1-0-2\" class=\"so-panel widget widget_media_image panel-last-child\" data-index=\"4\" ><img decoding=\"async\" class=\"image \" src=\"http:\/\/www.opisto.fi\/autokoulu2015\/pori\/wp-content\/uploads\/2018\/05\/mopoauto2.jpg\" alt=\"\" width=\"1000\" height=\"667\" \/><\/div><\/div><div id=\"pgc-13-1-1\"  class=\"panel-grid-cell\" ><div id=\"panel-13-1-1-0\" class=\"so-panel widget widget_media_image panel-first-child\" data-index=\"5\" ><img loading=\"lazy\" decoding=\"async\" class=\"image \" src=\"http:\/\/www.opisto.fi\/autokoulu2015\/pori\/wp-content\/uploads\/2018\/05\/mopot-mp2.jpg\" alt=\"\" width=\"1000\" height=\"667\" \/><\/div><div id=\"panel-13-1-1-1\" class=\"so-panel widget widget_media_image\" data-index=\"6\" ><img loading=\"lazy\" decoding=\"async\" class=\"image \" src=\"http:\/\/www.opisto.fi\/autokoulu2015\/pori\/wp-content\/uploads\/2018\/05\/c1ec1.jpg\" alt=\"\" width=\"1000\" height=\"500\" \/><\/div><div id=\"panel-13-1-1-2\" class=\"so-panel widget widget_media_image panel-last-child\" data-index=\"7\" ><img loading=\"lazy\" decoding=\"async\" class=\"image \" src=\"http:\/\/www.opisto.fi\/autokoulu2015\/pori\/wp-content\/uploads\/2018\/05\/mopo3.jpg\" alt=\"\" width=\"1000\" height=\"667\" \/><\/div><\/div><\/div><\/div>","protected":false},"excerpt":{"rendered":"<p>Moottoripy\u00f6r\u00e4t: KTM 125 Duke, Husqvarna 125, Yamaha MT-07 ja Kawasaki ER6 Mopot\/Mopoautot: Honda NS Repsol, Ligier, Beta RR ja Tomos Racing Autot\/Kuorma-autot: Seat, &nbsp;Audi, MB Sprinter 419 Meill\u00e4 my\u00f6s mahdollisuus ajaa henkil\u00f6auton ajotunnit automaattivaihteisella autolla! Ajosimulaattorit Porissa, Eurassa ja Kokem\u00e4ell\u00e4<\/p>\n","protected":false},"author":1,"featured_media":0,"parent":0,"menu_order":0,"comment_status":"closed","ping_status":"closed","template":"","meta":{"footnotes":""},"class_list":["post-13","page","type-page","status-publish","hentry"],"_links":{"self":[{"href":"https:\/\/www.opisto.fi\/autokoulu2019\/maakunta\/index.php?rest_route=\/wp\/v2\/pages\/13","targetHints":{"allow":["GET"]}}],"collection":[{"href":"https:\/\/www.opisto.fi\/autokoulu2019\/maakunta\/index.php?rest_route=\/wp\/v2\/pages"}],"about":[{"href":"https:\/\/www.opisto.fi\/autokoulu2019\/maakunta\/index.php?rest_route=\/wp\/v2\/types\/page"}],"author":[{"embeddable":true,"href":"https:\/\/www.opisto.fi\/autokoulu2019\/maakunta\/index.php?rest_route=\/wp\/v2\/users\/1"}],"replies":[{"embeddable":true,"href":"https:\/\/www.opisto.fi\/autokoulu2019\/maakunta\/index.php?rest_route=%2Fwp%2Fv2%2Fcomments&post=13"}],"version-history":[{"count":3,"href":"https:\/\/www.opisto.fi\/autokoulu2019\/maakunta\/index.php?rest_route=\/wp\/v2\/pages\/13\/revisions"}],"predecessor-version":[{"id":3757,"href":"https:\/\/www.opisto.fi\/autokoulu2019\/maakunta\/index.php?rest_route=\/wp\/v2\/pages\/13\/revisions\/3757"}],"wp:attachment":[{"href":"https:\/\/www.opisto.fi\/autokoulu2019\/maakunta\/index.php?rest_route=%2Fwp%2Fv2%2Fmedia&parent=13"}],"curies":[{"name":"wp","href":"https:\/\/api.w.org\/{rel}","templated":true}]}}